{"id":572,"date":"2026-03-12T14:25:34","date_gmt":"2026-03-12T14:25:34","guid":{"rendered":"https:\/\/maquinsur.es\/?page_id=572"},"modified":"2026-03-12T14:27:16","modified_gmt":"2026-03-12T14:27:16","slug":"aviso-legal","status":"publish","type":"page","link":"https:\/\/maquinsur.es\/fr\/aviso-legal\/","title":{"rendered":"Avis juridique"},"content":{"rendered":"<div data-elementor-type=\"wp-page\" data-elementor-id=\"572\" class=\"elementor elementor-572\" data-elementor-post-type=\"page\">\n\t\t\t\t\t\t<section class=\"elementor-section elementor-top-section elementor-element elementor-element-54aa8a0e elementor-section-boxed elementor-section-height-default elementor-section-height-default wpr-particle-no wpr-jarallax-no wpr-parallax-no wpr-sticky-section-no wpr-equal-height-no\" data-id=\"54aa8a0e\" data-element_type=\"section\" data-e-type=\"section\" data-settings=\"{&quot;background_background&quot;:&quot;classic&quot;}\">\n\t\t\t\t\t\t\t<div class=\"elementor-background-overlay\"><\/div>\n\t\t\t\t\t\t\t<div class=\"elementor-container elementor-column-gap-default\">\n\t\t\t\t\t<div class=\"elementor-column elementor-col-100 elementor-top-column elementor-element elementor-element-523037be\" data-id=\"523037be\" data-element_type=\"column\" data-e-type=\"column\">\n\t\t\t<div class=\"elementor-widget-wrap elementor-element-populated\">\n\t\t\t\t\t\t<div class=\"elementor-element elementor-element-7ac02737 elementor-invisible elementor-widget elementor-widget-heading\" data-id=\"7ac02737\" data-element_type=\"widget\" data-e-type=\"widget\" data-settings=\"{&quot;_animation&quot;:&quot;fadeInDown&quot;}\" data-widget_type=\"heading.default\">\n\t\t\t\t\t<h2 class=\"elementor-heading-title elementor-size-default\">Avis juridique<\/h2>\t\t\t\t<\/div>\n\t\t\t\t<div class=\"elementor-element elementor-element-572a89e2 elementor-icon-list--layout-inline elementor-align-center elementor-widget__width-auto elementor-list-item-link-full_width elementor-invisible elementor-widget elementor-widget-icon-list\" data-id=\"572a89e2\" data-element_type=\"widget\" data-e-type=\"widget\" data-settings=\"{&quot;_animation&quot;:&quot;fadeInDown&quot;,&quot;_animation_delay&quot;:720}\" data-widget_type=\"icon-list.default\">\n\t\t\t\t\t\t\t<ul class=\"elementor-icon-list-items elementor-inline-items\">\n\t\t\t\t\t\t\t<li class=\"elementor-icon-list-item elementor-inline-item\">\n\t\t\t\t\t\t\t\t\t\t\t<a href=\"https:\/\/maquinsur.es\/fr\/\">\n\n\t\t\t\t\t\t\t\t\t\t\t<span class=\"elementor-icon-list-text\">Commencer<\/span>\n\t\t\t\t\t\t\t\t\t\t\t<\/a>\n\t\t\t\t\t\t\t\t\t<\/li>\n\t\t\t\t\t\t\t\t<li class=\"elementor-icon-list-item elementor-inline-item\">\n\t\t\t\t\t\t\t\t\t\t\t<a href=\"#\">\n\n\t\t\t\t\t\t\t\t\t\t\t\t<span class=\"elementor-icon-list-icon\">\n\t\t\t\t\t\t\t<i aria-hidden=\"true\" class=\"mdi mdi-chevron-double-right\"><\/i>\t\t\t\t\t\t<\/span>\n\t\t\t\t\t\t\t\t\t\t<span class=\"elementor-icon-list-text\"><\/span>\n\t\t\t\t\t\t\t\t\t\t\t<\/a>\n\t\t\t\t\t\t\t\t\t<\/li>\n\t\t\t\t\t\t<\/ul>\n\t\t\t\t\t\t<\/div>\n\t\t\t\t\t<\/div>\n\t\t<\/div>\n\t\t\t\t\t<\/div>\n\t\t<\/section>\n\t\t<div class=\"elementor-element elementor-element-95e4420 e-flex e-con-boxed wpr-particle-no wpr-jarallax-no wpr-parallax-no wpr-sticky-section-no wpr-equal-height-no e-con e-parent\" data-id=\"95e4420\" data-element_type=\"container\" data-e-type=\"container\" data-settings=\"{&quot;background_background&quot;:&quot;classic&quot;}\">\n\t\t\t\t\t<div class=\"e-con-inner\">\n\t\t\t\t<div class=\"elementor-element elementor-element-5ba81a3 elementor-widget elementor-widget-text-editor\" data-id=\"5ba81a3\" data-element_type=\"widget\" data-e-type=\"widget\" data-widget_type=\"text-editor.default\">\n\t\t\t\t\t\t\t\t\t<p data-start=\"154\" data-end=\"320\">Conform\u00e9ment \u00e0 l&#039;obligation d&#039;information pr\u00e9vue par la l\u00e9gislation en vigueur, les donn\u00e9es d&#039;identification du propri\u00e9taire de ce site web sont d\u00e9taill\u00e9es ci-dessous.<\/p><h2 data-section-id=\"1kgmbba\" data-start=\"322\" data-end=\"342\">D\u00e9tails du d\u00e9tenteur<\/h2><p data-start=\"344\" data-end=\"601\">Propri\u00e9taire du site web : MaquinSur<br data-start=\"376\" data-end=\"379\" \/>Activit\u00e9 : Location de toilettes portables et de machines pour des \u00e9v\u00e9nements, des chantiers de construction et des productions audiovisuelles.<br data-start=\"485\" data-end=\"488\" \/>Lieu : \u00celes Canaries, Espagne<br data-start=\"521\" data-end=\"524\" \/>T\u00e9l\u00e9phone : +34 653 024 147<br data-start=\"549\" data-end=\"552\" \/>E-mail: <a class=\"decorated-link cursor-pointer\" rel=\"noopener\" data-start=\"572\" data-end=\"601\">maquinsur.comercial@gmail.com<\/a><\/p><h2 data-section-id=\"119qxoc\" data-start=\"603\" data-end=\"612\">Objet<\/h2><p data-start=\"614\" data-end=\"867\">Les pr\u00e9sentes mentions l\u00e9gales r\u00e9gissent l&#039;acc\u00e8s, la navigation et l&#039;utilisation du site web, ainsi que les responsabilit\u00e9s d\u00e9coulant de l&#039;utilisation de son contenu, notamment les textes, images, informations, services et tout autre \u00e9l\u00e9ment disponible sur le site.<\/p><p data-start=\"869\" data-end=\"1016\">L\u2019acc\u00e8s \u00e0 ce site web conf\u00e8re le statut d\u2019utilisateur et implique l\u2019acceptation pleine et enti\u00e8re de toutes les dispositions contenues dans les pr\u00e9sentes mentions l\u00e9gales.<\/p><h2 data-section-id=\"1mb30cf\" data-start=\"1018\" data-end=\"1039\">Conditions d&#039;utilisation<\/h2><p data-start=\"1041\" data-end=\"1177\">L\u2019utilisateur s\u2019engage \u00e0 utiliser le site web de mani\u00e8re appropri\u00e9e et conform\u00e9ment \u00e0 la l\u00e9gislation en vigueur, \u00e0 la bonne foi et \u00e0 l\u2019ordre public.<\/p><p data-start=\"1179\" data-end=\"1195\">Il est interdit de :<\/p><ul data-start=\"1197\" data-end=\"1492\"><li data-section-id=\"153ebcp\" data-start=\"1197\" data-end=\"1266\"><p data-start=\"1199\" data-end=\"1266\">Se livrer \u00e0 des activit\u00e9s ill\u00e9gales ou contraires \u00e0 la r\u00e9glementation en vigueur<\/p><\/li><li data-section-id=\"1yyvuzx\" data-start=\"1267\" data-end=\"1342\"><p data-start=\"1269\" data-end=\"1342\">Tentative d&#039;acc\u00e8s non autoris\u00e9 aux syst\u00e8mes informatiques du site web<\/p><\/li><li data-section-id=\"1dz8l9g\" data-start=\"1343\" data-end=\"1415\"><p data-start=\"1345\" data-end=\"1415\">L&#039;introduction de virus ou de programmes susceptibles d&#039;endommager les syst\u00e8mes<\/p><\/li><li data-section-id=\"1iph4kr\" data-start=\"1416\" data-end=\"1492\"><p data-start=\"1418\" data-end=\"1492\">Utiliser le contenu du site \u00e0 des fins commerciales sans autorisation.<\/p><\/li><\/ul><p data-start=\"1494\" data-end=\"1628\">Le propri\u00e9taire du site se r\u00e9serve le droit de supprimer les commentaires ou contenus qui pourraient \u00eatre inappropri\u00e9s ou contraires \u00e0 la loi.<\/p><h2 data-section-id=\"4ky5j\" data-start=\"1630\" data-end=\"1667\">Propri\u00e9t\u00e9 intellectuelle et industrielle<\/h2><p data-start=\"1669\" data-end=\"1856\">L&#039;ensemble du contenu du site web, y compris les textes, les images, le design, les logos, les graphismes, le code et la structure, est prot\u00e9g\u00e9 par des droits de propri\u00e9t\u00e9 intellectuelle et industrielle.<\/p><p data-start=\"1858\" data-end=\"2004\">Toute reproduction, distribution, modification ou utilisation du contenu est interdite sans l&#039;autorisation expresse du propri\u00e9taire du site web.<\/p><h2 data-section-id=\"56ynsd\" data-start=\"2006\" data-end=\"2024\">Responsabilit\u00e9<\/h2><p data-start=\"2026\" data-end=\"2228\">Le propri\u00e9taire du site web n&#039;est pas responsable des dommages ou pertes pouvant r\u00e9sulter de l&#039;utilisation des informations contenues sur le site, ni des erreurs ou interruptions de service.<\/p><p data-start=\"2230\" data-end=\"2367\">De plus, l&#039;absence de virus ou d&#039;autres \u00e9l\u00e9ments susceptibles d&#039;alt\u00e9rer les syst\u00e8mes informatiques de l&#039;utilisateur n&#039;est pas garantie.<\/p><h2 data-section-id=\"1s4s0qi\" data-start=\"2369\" data-end=\"2388\">Liens externes<\/h2><p data-start=\"2390\" data-end=\"2564\">Ce site web peut contenir des liens vers des sites web externes. MaquinSur d\u00e9cline toute responsabilit\u00e9 quant au contenu, au fonctionnement et aux politiques de confidentialit\u00e9 de ces sites.<\/p><h2 data-section-id=\"1vo9jgh\" data-start=\"2566\" data-end=\"2588\">Protection des donn\u00e9es<\/h2><p data-start=\"2590\" data-end=\"2730\">Le traitement des donn\u00e9es personnelles des utilisateurs est r\u00e9gi par les dispositions de la Politique de confidentialit\u00e9 disponible sur ce site web.<\/p><h2 data-section-id=\"1crhyja\" data-start=\"2732\" data-end=\"2756\">L\u00e9gislation applicable<\/h2><p data-start=\"2758\" data-end=\"3023\">Les pr\u00e9sentes conditions g\u00e9n\u00e9rales sont r\u00e9gies par le droit espagnol. Tout litige relatif \u00e0 l&#039;acc\u00e8s au site web ou \u00e0 son utilisation sera soumis \u00e0 la juridiction des tribunaux comp\u00e9tents en vertu du droit applicable.<\/p><h2 data-section-id=\"1c78x6y\" data-start=\"3025\" data-end=\"3036\">Contact<\/h2><p data-start=\"3038\" data-end=\"3127\">Pour toute question relative \u00e0 cet avis juridique, vous pouvez nous contacter par le biais de\u00a0:<\/p><p data-start=\"3129\" data-end=\"3181\">E-mail<br data-start=\"3147\" data-end=\"3150\" \/><a class=\"decorated-link cursor-pointer\" rel=\"noopener\" data-start=\"3150\" data-end=\"3179\">maquinsur.comercial@gmail.com<\/a><\/p><p data-start=\"3183\" data-end=\"3209\">T\u00e9l\u00e9phone<br data-start=\"3191\" data-end=\"3194\" \/>+34 653 024 147<\/p>\t\t\t\t\t\t\t\t<\/div>\n\t\t\t\t\t<\/div>\n\t\t\t\t<\/div>\n\t\t\t\t<\/div>","protected":false},"excerpt":{"rendered":"<p>Aviso Legal Inicio En cumplimiento con el deber de informaci\u00f3n establecido en la legislaci\u00f3n vigente, se detallan a continuaci\u00f3n los datos identificativos del titular de este sitio web. Datos del titular Titular del sitio web: MaquinSurActividad: Alquiler de sanitarios port\u00e1tiles y maquinaria para eventos, obras y producciones audiovisualesUbicaci\u00f3n: Islas Canarias, Espa\u00f1aTel\u00e9fono: +34 653 024 147Correo electr\u00f3nico: maquinsur.comercial@gmail.com Objeto El presente Aviso Legal regula el acceso, navegaci\u00f3n y uso del sitio web, as\u00ed como las responsabilidades derivadas de la utilizaci\u00f3n de sus contenidos, incluyendo textos, im\u00e1genes, informaci\u00f3n, servicios y cualquier otro material disponible en el sitio. El acceso a este sitio web atribuye la condici\u00f3n de usuario e implica la aceptaci\u00f3n plena de todas las disposiciones incluidas en este Aviso Legal. Condiciones de uso El usuario se compromete a utilizar el sitio web de manera adecuada y conforme a la legislaci\u00f3n vigente, la buena fe y el orden p\u00fablico. Queda prohibido: Realizar actividades il\u00edcitas o contrarias a la normativa vigente Intentar acceder sin autorizaci\u00f3n a sistemas inform\u00e1ticos del sitio web Introducir virus o programas que puedan causar da\u00f1os en los sistemas Utilizar los contenidos del sitio con fines comerciales sin autorizaci\u00f3n El titular del sitio se reserva el derecho de retirar comentarios o contenidos que puedan resultar inapropiados o contrarios a la ley. Propiedad intelectual e industrial Todos los contenidos del sitio web, incluyendo textos, im\u00e1genes, dise\u00f1o, logotipos, gr\u00e1ficos, c\u00f3digo y estructura, est\u00e1n protegidos por los derechos de propiedad intelectual e industrial. Queda prohibida la reproducci\u00f3n, distribuci\u00f3n, modificaci\u00f3n o utilizaci\u00f3n de los contenidos sin la autorizaci\u00f3n expresa del titular del sitio web. Responsabilidad El titular del sitio web no se hace responsable de los da\u00f1os o perjuicios que pudieran derivarse del uso de la informaci\u00f3n contenida en el sitio web ni de posibles errores o interrupciones del servicio. Asimismo, no se garantiza la ausencia de virus u otros elementos que puedan causar alteraciones en los sistemas inform\u00e1ticos del usuario. Enlaces externos Este sitio web puede contener enlaces a p\u00e1ginas externas de terceros. MaquinSur no se responsabiliza del contenido, funcionamiento o pol\u00edticas de privacidad de dichos sitios. Protecci\u00f3n de datos El tratamiento de los datos personales de los usuarios se rige por lo establecido en la Pol\u00edtica de Privacidad disponible en este sitio web. Legislaci\u00f3n aplicable Las presentes condiciones se regir\u00e1n por la legislaci\u00f3n espa\u00f1ola. Para la resoluci\u00f3n de cualquier conflicto que pudiera derivarse del acceso o uso del sitio web, las partes se someter\u00e1n a los juzgados y tribunales que correspondan conforme a la normativa aplicable. Contacto Para cualquier consulta relacionada con este Aviso Legal puedes contactarnos a trav\u00e9s de: Correo electr\u00f3nicomaquinsur.comercial@gmail.com Tel\u00e9fono+34 653 024 147<\/p>","protected":false},"author":1,"featured_media":0,"parent":0,"menu_order":0,"comment_status":"closed","ping_status":"closed","template":"elementor_header_footer","meta":{"_joinchat":[],"footnotes":""},"class_list":["post-572","page","type-page","status-publish","hentry"],"yoast_head":"<!-- This site is optimized with the Yoast SEO Premium plugin v27.1 (Yoast SEO v27.4) - https:\/\/yoast.com\/product\/yoast-seo-premium-wordpress\/ -->\n<title>Aviso Legal - Mquinsur.es<\/title>\n<meta name=\"robots\" content=\"index, follow, max-snippet:-1, max-image-preview:large, max-video-preview:-1\" \/>\n<link rel=\"canonical\" href=\"https:\/\/maquinsur.es\/fr\/aviso-legal\/\" \/>\n<meta property=\"og:locale\" content=\"fr_FR\" \/>\n<meta property=\"og:type\" content=\"article\" \/>\n<meta property=\"og:title\" content=\"Aviso Legal\" \/>\n<meta property=\"og:description\" content=\"Aviso Legal Inicio En cumplimiento con el deber de informaci\u00f3n establecido en la legislaci\u00f3n vigente, se detallan a continuaci\u00f3n los datos identificativos del titular de este sitio web. Datos del titular Titular del sitio web: MaquinSurActividad: Alquiler de sanitarios port\u00e1tiles y maquinaria para eventos, obras y producciones audiovisualesUbicaci\u00f3n: Islas Canarias, Espa\u00f1aTel\u00e9fono: +34 653 024 147Correo electr\u00f3nico: maquinsur.comercial@gmail.com Objeto El presente Aviso Legal regula el acceso, navegaci\u00f3n y uso del sitio web, as\u00ed como las responsabilidades derivadas de la utilizaci\u00f3n de sus contenidos, incluyendo textos, im\u00e1genes, informaci\u00f3n, servicios y cualquier otro material disponible en el sitio. El acceso a este sitio web atribuye la condici\u00f3n de usuario e implica la aceptaci\u00f3n plena de todas las disposiciones incluidas en este Aviso Legal. Condiciones de uso El usuario se compromete a utilizar el sitio web de manera adecuada y conforme a la legislaci\u00f3n vigente, la buena fe y el orden p\u00fablico. Queda prohibido: Realizar actividades il\u00edcitas o contrarias a la normativa vigente Intentar acceder sin autorizaci\u00f3n a sistemas inform\u00e1ticos del sitio web Introducir virus o programas que puedan causar da\u00f1os en los sistemas Utilizar los contenidos del sitio con fines comerciales sin autorizaci\u00f3n El titular del sitio se reserva el derecho de retirar comentarios o contenidos que puedan resultar inapropiados o contrarios a la ley. Propiedad intelectual e industrial Todos los contenidos del sitio web, incluyendo textos, im\u00e1genes, dise\u00f1o, logotipos, gr\u00e1ficos, c\u00f3digo y estructura, est\u00e1n protegidos por los derechos de propiedad intelectual e industrial. Queda prohibida la reproducci\u00f3n, distribuci\u00f3n, modificaci\u00f3n o utilizaci\u00f3n de los contenidos sin la autorizaci\u00f3n expresa del titular del sitio web. Responsabilidad El titular del sitio web no se hace responsable de los da\u00f1os o perjuicios que pudieran derivarse del uso de la informaci\u00f3n contenida en el sitio web ni de posibles errores o interrupciones del servicio. Asimismo, no se garantiza la ausencia de virus u otros elementos que puedan causar alteraciones en los sistemas inform\u00e1ticos del usuario. Enlaces externos Este sitio web puede contener enlaces a p\u00e1ginas externas de terceros. MaquinSur no se responsabiliza del contenido, funcionamiento o pol\u00edticas de privacidad de dichos sitios. Protecci\u00f3n de datos El tratamiento de los datos personales de los usuarios se rige por lo establecido en la Pol\u00edtica de Privacidad disponible en este sitio web. Legislaci\u00f3n aplicable Las presentes condiciones se regir\u00e1n por la legislaci\u00f3n espa\u00f1ola. Para la resoluci\u00f3n de cualquier conflicto que pudiera derivarse del acceso o uso del sitio web, las partes se someter\u00e1n a los juzgados y tribunales que correspondan conforme a la normativa aplicable. Contacto Para cualquier consulta relacionada con este Aviso Legal puedes contactarnos a trav\u00e9s de: Correo electr\u00f3nicomaquinsur.comercial@gmail.com Tel\u00e9fono+34 653 024 147\" \/>\n<meta property=\"og:url\" content=\"https:\/\/maquinsur.es\/fr\/aviso-legal\/\" \/>\n<meta property=\"og:site_name\" content=\"Mquinsur.es\" \/>\n<meta property=\"article:modified_time\" content=\"2026-03-12T14:27:16+00:00\" \/>\n<meta property=\"og:image\" content=\"https:\/\/maquinsur.es\/wp-content\/uploads\/2026\/03\/Miniatura.png\" \/>\n\t<meta property=\"og:image:width\" content=\"1200\" \/>\n\t<meta property=\"og:image:height\" content=\"675\" \/>\n\t<meta property=\"og:image:type\" content=\"image\/png\" \/>\n<meta name=\"twitter:card\" content=\"summary_large_image\" \/>\n<meta name=\"twitter:label1\" content=\"Dur\u00e9e de lecture estim\u00e9e\" \/>\n\t<meta name=\"twitter:data1\" content=\"3 minutes\" \/>\n<script type=\"application\/ld+json\" class=\"yoast-schema-graph\">{\"@context\":\"https:\\\/\\\/schema.org\",\"@graph\":[{\"@type\":\"WebPage\",\"@id\":\"https:\\\/\\\/maquinsur.es\\\/aviso-legal\\\/\",\"url\":\"https:\\\/\\\/maquinsur.es\\\/aviso-legal\\\/\",\"name\":\"Aviso Legal - Mquinsur.es\",\"isPartOf\":{\"@id\":\"https:\\\/\\\/maquinsur.es\\\/#website\"},\"datePublished\":\"2026-03-12T14:25:34+00:00\",\"dateModified\":\"2026-03-12T14:27:16+00:00\",\"breadcrumb\":{\"@id\":\"https:\\\/\\\/maquinsur.es\\\/aviso-legal\\\/#breadcrumb\"},\"inLanguage\":\"fr-FR\",\"potentialAction\":[{\"@type\":\"ReadAction\",\"target\":[\"https:\\\/\\\/maquinsur.es\\\/aviso-legal\\\/\"]}]},{\"@type\":\"BreadcrumbList\",\"@id\":\"https:\\\/\\\/maquinsur.es\\\/aviso-legal\\\/#breadcrumb\",\"itemListElement\":[{\"@type\":\"ListItem\",\"position\":1,\"name\":\"Home\",\"item\":\"https:\\\/\\\/maquinsur.es\\\/\"},{\"@type\":\"ListItem\",\"position\":2,\"name\":\"Aviso Legal\"}]},{\"@type\":\"WebSite\",\"@id\":\"https:\\\/\\\/maquinsur.es\\\/#website\",\"url\":\"https:\\\/\\\/maquinsur.es\\\/\",\"name\":\"Mquinsur.es\",\"description\":\"\",\"publisher\":{\"@id\":\"https:\\\/\\\/maquinsur.es\\\/#organization\"},\"potentialAction\":[{\"@type\":\"SearchAction\",\"target\":{\"@type\":\"EntryPoint\",\"urlTemplate\":\"https:\\\/\\\/maquinsur.es\\\/?s={search_term_string}\"},\"query-input\":{\"@type\":\"PropertyValueSpecification\",\"valueRequired\":true,\"valueName\":\"search_term_string\"}}],\"inLanguage\":\"fr-FR\"},{\"@type\":\"Organization\",\"@id\":\"https:\\\/\\\/maquinsur.es\\\/#organization\",\"name\":\"Mquinsur.es\",\"url\":\"https:\\\/\\\/maquinsur.es\\\/\",\"logo\":{\"@type\":\"ImageObject\",\"inLanguage\":\"fr-FR\",\"@id\":\"https:\\\/\\\/maquinsur.es\\\/#\\\/schema\\\/logo\\\/image\\\/\",\"url\":\"https:\\\/\\\/maquinsur.es\\\/wp-content\\\/uploads\\\/2026\\\/03\\\/Maquinsur.es-Logo.png\",\"contentUrl\":\"https:\\\/\\\/maquinsur.es\\\/wp-content\\\/uploads\\\/2026\\\/03\\\/Maquinsur.es-Logo.png\",\"width\":927,\"height\":190,\"caption\":\"Mquinsur.es\"},\"image\":{\"@id\":\"https:\\\/\\\/maquinsur.es\\\/#\\\/schema\\\/logo\\\/image\\\/\"}}]}<\/script>\n<!-- \/ Yoast SEO Premium plugin. -->","yoast_head_json":{"title":"Aviso Legal - Mquinsur.es","robots":{"index":"index","follow":"follow","max-snippet":"max-snippet:-1","max-image-preview":"max-image-preview:large","max-video-preview":"max-video-preview:-1"},"canonical":"https:\/\/maquinsur.es\/fr\/aviso-legal\/","og_locale":"fr_FR","og_type":"article","og_title":"Aviso Legal","og_description":"Aviso Legal Inicio En cumplimiento con el deber de informaci\u00f3n establecido en la legislaci\u00f3n vigente, se detallan a continuaci\u00f3n los datos identificativos del titular de este sitio web. Datos del titular Titular del sitio web: MaquinSurActividad: Alquiler de sanitarios port\u00e1tiles y maquinaria para eventos, obras y producciones audiovisualesUbicaci\u00f3n: Islas Canarias, Espa\u00f1aTel\u00e9fono: +34 653 024 147Correo electr\u00f3nico: maquinsur.comercial@gmail.com Objeto El presente Aviso Legal regula el acceso, navegaci\u00f3n y uso del sitio web, as\u00ed como las responsabilidades derivadas de la utilizaci\u00f3n de sus contenidos, incluyendo textos, im\u00e1genes, informaci\u00f3n, servicios y cualquier otro material disponible en el sitio. El acceso a este sitio web atribuye la condici\u00f3n de usuario e implica la aceptaci\u00f3n plena de todas las disposiciones incluidas en este Aviso Legal. Condiciones de uso El usuario se compromete a utilizar el sitio web de manera adecuada y conforme a la legislaci\u00f3n vigente, la buena fe y el orden p\u00fablico. Queda prohibido: Realizar actividades il\u00edcitas o contrarias a la normativa vigente Intentar acceder sin autorizaci\u00f3n a sistemas inform\u00e1ticos del sitio web Introducir virus o programas que puedan causar da\u00f1os en los sistemas Utilizar los contenidos del sitio con fines comerciales sin autorizaci\u00f3n El titular del sitio se reserva el derecho de retirar comentarios o contenidos que puedan resultar inapropiados o contrarios a la ley. Propiedad intelectual e industrial Todos los contenidos del sitio web, incluyendo textos, im\u00e1genes, dise\u00f1o, logotipos, gr\u00e1ficos, c\u00f3digo y estructura, est\u00e1n protegidos por los derechos de propiedad intelectual e industrial. Queda prohibida la reproducci\u00f3n, distribuci\u00f3n, modificaci\u00f3n o utilizaci\u00f3n de los contenidos sin la autorizaci\u00f3n expresa del titular del sitio web. Responsabilidad El titular del sitio web no se hace responsable de los da\u00f1os o perjuicios que pudieran derivarse del uso de la informaci\u00f3n contenida en el sitio web ni de posibles errores o interrupciones del servicio. Asimismo, no se garantiza la ausencia de virus u otros elementos que puedan causar alteraciones en los sistemas inform\u00e1ticos del usuario. Enlaces externos Este sitio web puede contener enlaces a p\u00e1ginas externas de terceros. MaquinSur no se responsabiliza del contenido, funcionamiento o pol\u00edticas de privacidad de dichos sitios. Protecci\u00f3n de datos El tratamiento de los datos personales de los usuarios se rige por lo establecido en la Pol\u00edtica de Privacidad disponible en este sitio web. Legislaci\u00f3n aplicable Las presentes condiciones se regir\u00e1n por la legislaci\u00f3n espa\u00f1ola. Para la resoluci\u00f3n de cualquier conflicto que pudiera derivarse del acceso o uso del sitio web, las partes se someter\u00e1n a los juzgados y tribunales que correspondan conforme a la normativa aplicable. Contacto Para cualquier consulta relacionada con este Aviso Legal puedes contactarnos a trav\u00e9s de: Correo electr\u00f3nicomaquinsur.comercial@gmail.com Tel\u00e9fono+34 653 024 147","og_url":"https:\/\/maquinsur.es\/fr\/aviso-legal\/","og_site_name":"Mquinsur.es","article_modified_time":"2026-03-12T14:27:16+00:00","og_image":[{"width":1200,"height":675,"url":"https:\/\/maquinsur.es\/wp-content\/uploads\/2026\/03\/Miniatura.png","type":"image\/png"}],"twitter_card":"summary_large_image","twitter_misc":{"Dur\u00e9e de lecture estim\u00e9e":"3 minutes"},"schema":{"@context":"https:\/\/schema.org","@graph":[{"@type":"WebPage","@id":"https:\/\/maquinsur.es\/aviso-legal\/","url":"https:\/\/maquinsur.es\/aviso-legal\/","name":"Aviso Legal - Mquinsur.es","isPartOf":{"@id":"https:\/\/maquinsur.es\/#website"},"datePublished":"2026-03-12T14:25:34+00:00","dateModified":"2026-03-12T14:27:16+00:00","breadcrumb":{"@id":"https:\/\/maquinsur.es\/aviso-legal\/#breadcrumb"},"inLanguage":"fr-FR","potentialAction":[{"@type":"ReadAction","target":["https:\/\/maquinsur.es\/aviso-legal\/"]}]},{"@type":"BreadcrumbList","@id":"https:\/\/maquinsur.es\/aviso-legal\/#breadcrumb","itemListElement":[{"@type":"ListItem","position":1,"name":"Home","item":"https:\/\/maquinsur.es\/"},{"@type":"ListItem","position":2,"name":"Aviso Legal"}]},{"@type":"WebSite","@id":"https:\/\/maquinsur.es\/#website","url":"https:\/\/maquinsur.es\/","name":"Mquinsur.es","description":"","publisher":{"@id":"https:\/\/maquinsur.es\/#organization"},"potentialAction":[{"@type":"SearchAction","target":{"@type":"EntryPoint","urlTemplate":"https:\/\/maquinsur.es\/?s={search_term_string}"},"query-input":{"@type":"PropertyValueSpecification","valueRequired":true,"valueName":"search_term_string"}}],"inLanguage":"fr-FR"},{"@type":"Organization","@id":"https:\/\/maquinsur.es\/#organization","name":"Mquinsur.es","url":"https:\/\/maquinsur.es\/","logo":{"@type":"ImageObject","inLanguage":"fr-FR","@id":"https:\/\/maquinsur.es\/#\/schema\/logo\/image\/","url":"https:\/\/maquinsur.es\/wp-content\/uploads\/2026\/03\/Maquinsur.es-Logo.png","contentUrl":"https:\/\/maquinsur.es\/wp-content\/uploads\/2026\/03\/Maquinsur.es-Logo.png","width":927,"height":190,"caption":"Mquinsur.es"},"image":{"@id":"https:\/\/maquinsur.es\/#\/schema\/logo\/image\/"}}]}},"_hostinger_reach_plugin_has_subscription_block":false,"_hostinger_reach_plugin_is_elementor":false,"_links":{"self":[{"href":"https:\/\/maquinsur.es\/fr\/wp-json\/wp\/v2\/pages\/572","targetHints":{"allow":["GET"]}}],"collection":[{"href":"https:\/\/maquinsur.es\/fr\/wp-json\/wp\/v2\/pages"}],"about":[{"href":"https:\/\/maquinsur.es\/fr\/wp-json\/wp\/v2\/types\/page"}],"author":[{"embeddable":true,"href":"https:\/\/maquinsur.es\/fr\/wp-json\/wp\/v2\/users\/1"}],"replies":[{"embeddable":true,"href":"https:\/\/maquinsur.es\/fr\/wp-json\/wp\/v2\/comments?post=572"}],"version-history":[{"count":4,"href":"https:\/\/maquinsur.es\/fr\/wp-json\/wp\/v2\/pages\/572\/revisions"}],"predecessor-version":[{"id":576,"href":"https:\/\/maquinsur.es\/fr\/wp-json\/wp\/v2\/pages\/572\/revisions\/576"}],"wp:attachment":[{"href":"https:\/\/maquinsur.es\/fr\/wp-json\/wp\/v2\/media?parent=572"}],"curies":[{"name":"wp","href":"https:\/\/api.w.org\/{rel}","templated":true}]}}