{"id":572,"date":"2026-03-12T14:25:34","date_gmt":"2026-03-12T14:25:34","guid":{"rendered":"https:\/\/maquinsur.es\/?page_id=572"},"modified":"2026-03-12T14:27:16","modified_gmt":"2026-03-12T14:27:16","slug":"aviso-legal","status":"publish","type":"page","link":"https:\/\/maquinsur.es\/de\/aviso-legal\/","title":{"rendered":"Rechtlicher Hinweis"},"content":{"rendered":"<div data-elementor-type=\"wp-page\" data-elementor-id=\"572\" class=\"elementor elementor-572\" data-elementor-post-type=\"page\">\n\t\t\t\t\t\t<section class=\"elementor-section elementor-top-section elementor-element elementor-element-54aa8a0e elementor-section-boxed elementor-section-height-default elementor-section-height-default wpr-particle-no wpr-jarallax-no wpr-parallax-no wpr-sticky-section-no wpr-equal-height-no\" data-id=\"54aa8a0e\" data-element_type=\"section\" data-e-type=\"section\" data-settings=\"{&quot;background_background&quot;:&quot;classic&quot;}\">\n\t\t\t\t\t\t\t<div class=\"elementor-background-overlay\"><\/div>\n\t\t\t\t\t\t\t<div class=\"elementor-container elementor-column-gap-default\">\n\t\t\t\t\t<div class=\"elementor-column elementor-col-100 elementor-top-column elementor-element elementor-element-523037be\" data-id=\"523037be\" data-element_type=\"column\" data-e-type=\"column\">\n\t\t\t<div class=\"elementor-widget-wrap elementor-element-populated\">\n\t\t\t\t\t\t<div class=\"elementor-element elementor-element-7ac02737 elementor-invisible elementor-widget elementor-widget-heading\" data-id=\"7ac02737\" data-element_type=\"widget\" data-e-type=\"widget\" data-settings=\"{&quot;_animation&quot;:&quot;fadeInDown&quot;}\" data-widget_type=\"heading.default\">\n\t\t\t\t\t<h2 class=\"elementor-heading-title elementor-size-default\">Rechtlicher Hinweis<\/h2>\t\t\t\t<\/div>\n\t\t\t\t<div class=\"elementor-element elementor-element-572a89e2 elementor-icon-list--layout-inline elementor-align-center elementor-widget__width-auto elementor-list-item-link-full_width elementor-invisible elementor-widget elementor-widget-icon-list\" data-id=\"572a89e2\" data-element_type=\"widget\" data-e-type=\"widget\" data-settings=\"{&quot;_animation&quot;:&quot;fadeInDown&quot;,&quot;_animation_delay&quot;:720}\" data-widget_type=\"icon-list.default\">\n\t\t\t\t\t\t\t<ul class=\"elementor-icon-list-items elementor-inline-items\">\n\t\t\t\t\t\t\t<li class=\"elementor-icon-list-item elementor-inline-item\">\n\t\t\t\t\t\t\t\t\t\t\t<a href=\"https:\/\/maquinsur.es\/de\/\">\n\n\t\t\t\t\t\t\t\t\t\t\t<span class=\"elementor-icon-list-text\">Start<\/span>\n\t\t\t\t\t\t\t\t\t\t\t<\/a>\n\t\t\t\t\t\t\t\t\t<\/li>\n\t\t\t\t\t\t\t\t<li class=\"elementor-icon-list-item elementor-inline-item\">\n\t\t\t\t\t\t\t\t\t\t\t<a href=\"#\">\n\n\t\t\t\t\t\t\t\t\t\t\t\t<span class=\"elementor-icon-list-icon\">\n\t\t\t\t\t\t\t<i aria-hidden=\"true\" class=\"mdi mdi-chevron-double-right\"><\/i>\t\t\t\t\t\t<\/span>\n\t\t\t\t\t\t\t\t\t\t<span class=\"elementor-icon-list-text\"><\/span>\n\t\t\t\t\t\t\t\t\t\t\t<\/a>\n\t\t\t\t\t\t\t\t\t<\/li>\n\t\t\t\t\t\t<\/ul>\n\t\t\t\t\t\t<\/div>\n\t\t\t\t\t<\/div>\n\t\t<\/div>\n\t\t\t\t\t<\/div>\n\t\t<\/section>\n\t\t<div class=\"elementor-element elementor-element-95e4420 e-flex e-con-boxed wpr-particle-no wpr-jarallax-no wpr-parallax-no wpr-sticky-section-no wpr-equal-height-no e-con e-parent\" data-id=\"95e4420\" data-element_type=\"container\" data-e-type=\"container\" data-settings=\"{&quot;background_background&quot;:&quot;classic&quot;}\">\n\t\t\t\t\t<div class=\"e-con-inner\">\n\t\t\t\t<div class=\"elementor-element elementor-element-5ba81a3 elementor-widget elementor-widget-text-editor\" data-id=\"5ba81a3\" data-element_type=\"widget\" data-e-type=\"widget\" data-widget_type=\"text-editor.default\">\n\t\t\t\t\t\t\t\t\t<p data-start=\"154\" data-end=\"320\">Gem\u00e4\u00df der in der geltenden Gesetzgebung festgelegten Informationspflicht werden die Identifikationsdaten des Inhabers dieser Website im Folgenden aufgef\u00fchrt.<\/p><h2 data-section-id=\"1kgmbba\" data-start=\"322\" data-end=\"342\">Angaben zum Inhaber<\/h2><p data-start=\"344\" data-end=\"601\">Website-Inhaber: MaquinSur<br data-start=\"376\" data-end=\"379\" \/>T\u00e4tigkeit: Vermietung von mobilen Toiletten und Maschinen f\u00fcr Veranstaltungen, Bauprojekte und audiovisuelle Produktionen<br data-start=\"485\" data-end=\"488\" \/>Ort: Kanarische Inseln, Spanien<br data-start=\"521\" data-end=\"524\" \/>Telefon: +34 653 024 147<br data-start=\"549\" data-end=\"552\" \/>E-Mail: <a class=\"decorated-link cursor-pointer\" rel=\"noopener\" data-start=\"572\" data-end=\"601\">maquinsur.comercial@gmail.com<\/a><\/p><h2 data-section-id=\"119qxoc\" data-start=\"603\" data-end=\"612\">Objekt<\/h2><p data-start=\"614\" data-end=\"867\">Dieser Rechtshinweis regelt den Zugriff auf die Website, deren Nutzung sowie die Verantwortlichkeiten, die sich aus der Nutzung ihrer Inhalte ergeben, einschlie\u00dflich Texten, Bildern, Informationen, Dienstleistungen und allen anderen auf der Website verf\u00fcgbaren Materialien.<\/p><p data-start=\"869\" data-end=\"1016\">Der Zugriff auf diese Website verleiht den Status eines Nutzers und impliziert die uneingeschr\u00e4nkte Akzeptanz aller in diesem Rechtshinweis enthaltenen Bestimmungen.<\/p><h2 data-section-id=\"1mb30cf\" data-start=\"1018\" data-end=\"1039\">Nutzungsbedingungen<\/h2><p data-start=\"1041\" data-end=\"1177\">Der Nutzer verpflichtet sich, die Website sachgem\u00e4\u00df und in \u00dcbereinstimmung mit geltendem Recht, Treu und Glauben sowie der \u00f6ffentlichen Ordnung zu nutzen.<\/p><p data-start=\"1179\" data-end=\"1195\">Folgendes ist verboten:<\/p><ul data-start=\"1197\" data-end=\"1492\"><li data-section-id=\"153ebcp\" data-start=\"1197\" data-end=\"1266\"><p data-start=\"1199\" data-end=\"1266\">Zur Durchf\u00fchrung illegaler Aktivit\u00e4ten oder Aktivit\u00e4ten, die gegen geltende Vorschriften versto\u00dfen<\/p><\/li><li data-section-id=\"1yyvuzx\" data-start=\"1267\" data-end=\"1342\"><p data-start=\"1269\" data-end=\"1342\">Der Versuch, unbefugt auf die Computersysteme der Website zuzugreifen.<\/p><\/li><li data-section-id=\"1dz8l9g\" data-start=\"1343\" data-end=\"1415\"><p data-start=\"1345\" data-end=\"1415\">Einschleusen von Viren oder Programmen, die Sch\u00e4den an den Systemen verursachen k\u00f6nnen.<\/p><\/li><li data-section-id=\"1iph4kr\" data-start=\"1416\" data-end=\"1492\"><p data-start=\"1418\" data-end=\"1492\">Die Nutzung der Inhalte dieser Website zu kommerziellen Zwecken ohne Genehmigung ist untersagt.<\/p><\/li><\/ul><p data-start=\"1494\" data-end=\"1628\">Der Website-Inhaber beh\u00e4lt sich das Recht vor, Kommentare oder Inhalte zu entfernen, die unangemessen oder gesetzeswidrig sind.<\/p><h2 data-section-id=\"4ky5j\" data-start=\"1630\" data-end=\"1667\">Geistiges und gewerbliches Eigentum<\/h2><p data-start=\"1669\" data-end=\"1856\">S\u00e4mtliche Inhalte dieser Website, einschlie\u00dflich Texte, Bilder, Design, Logos, Grafiken, Code und Struktur, sind durch geistige und gewerbliche Eigentumsrechte gesch\u00fctzt.<\/p><p data-start=\"1858\" data-end=\"2004\">Die Vervielf\u00e4ltigung, Verbreitung, \u00c4nderung oder Nutzung der Inhalte ist ohne die ausdr\u00fcckliche Genehmigung des Website-Inhabers untersagt.<\/p><h2 data-section-id=\"56ynsd\" data-start=\"2006\" data-end=\"2024\">Verantwortung<\/h2><p data-start=\"2026\" data-end=\"2228\">Der Website-Inhaber haftet nicht f\u00fcr Sch\u00e4den oder Verluste, die durch die Nutzung der auf der Website enthaltenen Informationen entstehen, noch f\u00fcr Fehler oder Unterbrechungen des Dienstes.<\/p><p data-start=\"2230\" data-end=\"2367\">Des Weiteren kann die Abwesenheit von Viren oder anderen Elementen, die Ver\u00e4nderungen an den Computersystemen des Benutzers verursachen k\u00f6nnten, nicht garantiert werden.<\/p><h2 data-section-id=\"1s4s0qi\" data-start=\"2369\" data-end=\"2388\">Externe Links<\/h2><p data-start=\"2390\" data-end=\"2564\">Diese Website kann Links zu externen Websites Dritter enthalten. MaquinSur ist nicht verantwortlich f\u00fcr den Inhalt, den Betrieb oder die Datenschutzrichtlinien dieser Websites.<\/p><h2 data-section-id=\"1vo9jgh\" data-start=\"2566\" data-end=\"2588\">Datenschutz<\/h2><p data-start=\"2590\" data-end=\"2730\">Die Verarbeitung der personenbezogenen Daten der Nutzer unterliegt den Bestimmungen der auf dieser Website verf\u00fcgbaren Datenschutzerkl\u00e4rung.<\/p><h2 data-section-id=\"1crhyja\" data-start=\"2732\" data-end=\"2756\">Anwendbare Gesetzgebung<\/h2><p data-start=\"2758\" data-end=\"3023\">Diese Nutzungsbedingungen unterliegen spanischem Recht. F\u00fcr die Beilegung von Streitigkeiten, die sich aus dem Zugriff auf oder der Nutzung der Website ergeben, unterwerfen sich die Parteien der Zust\u00e4ndigkeit der nach geltendem Recht zust\u00e4ndigen Gerichte.<\/p><h2 data-section-id=\"1c78x6y\" data-start=\"3025\" data-end=\"3036\">Kontakt<\/h2><p data-start=\"3038\" data-end=\"3127\">Bei Fragen zu diesem Rechtshinweis k\u00f6nnen Sie uns wie folgt kontaktieren:<\/p><p data-start=\"3129\" data-end=\"3181\">E-Mail<br data-start=\"3147\" data-end=\"3150\" \/><a class=\"decorated-link cursor-pointer\" rel=\"noopener\" data-start=\"3150\" data-end=\"3179\">maquinsur.comercial@gmail.com<\/a><\/p><p data-start=\"3183\" data-end=\"3209\">Telefon<br data-start=\"3191\" data-end=\"3194\" \/>+34 653 024 147<\/p>\t\t\t\t\t\t\t\t<\/div>\n\t\t\t\t\t<\/div>\n\t\t\t\t<\/div>\n\t\t\t\t<\/div>","protected":false},"excerpt":{"rendered":"<p>Aviso Legal Inicio En cumplimiento con el deber de informaci\u00f3n establecido en la legislaci\u00f3n vigente, se detallan a continuaci\u00f3n los datos identificativos del titular de este sitio web. Datos del titular Titular del sitio web: MaquinSurActividad: Alquiler de sanitarios port\u00e1tiles y maquinaria para eventos, obras y producciones audiovisualesUbicaci\u00f3n: Islas Canarias, Espa\u00f1aTel\u00e9fono: +34 653 024 147Correo electr\u00f3nico: maquinsur.comercial@gmail.com Objeto El presente Aviso Legal regula el acceso, navegaci\u00f3n y uso del sitio web, as\u00ed como las responsabilidades derivadas de la utilizaci\u00f3n de sus contenidos, incluyendo textos, im\u00e1genes, informaci\u00f3n, servicios y cualquier otro material disponible en el sitio. El acceso a este sitio web atribuye la condici\u00f3n de usuario e implica la aceptaci\u00f3n plena de todas las disposiciones incluidas en este Aviso Legal. Condiciones de uso El usuario se compromete a utilizar el sitio web de manera adecuada y conforme a la legislaci\u00f3n vigente, la buena fe y el orden p\u00fablico. Queda prohibido: Realizar actividades il\u00edcitas o contrarias a la normativa vigente Intentar acceder sin autorizaci\u00f3n a sistemas inform\u00e1ticos del sitio web Introducir virus o programas que puedan causar da\u00f1os en los sistemas Utilizar los contenidos del sitio con fines comerciales sin autorizaci\u00f3n El titular del sitio se reserva el derecho de retirar comentarios o contenidos que puedan resultar inapropiados o contrarios a la ley. Propiedad intelectual e industrial Todos los contenidos del sitio web, incluyendo textos, im\u00e1genes, dise\u00f1o, logotipos, gr\u00e1ficos, c\u00f3digo y estructura, est\u00e1n protegidos por los derechos de propiedad intelectual e industrial. Queda prohibida la reproducci\u00f3n, distribuci\u00f3n, modificaci\u00f3n o utilizaci\u00f3n de los contenidos sin la autorizaci\u00f3n expresa del titular del sitio web. Responsabilidad El titular del sitio web no se hace responsable de los da\u00f1os o perjuicios que pudieran derivarse del uso de la informaci\u00f3n contenida en el sitio web ni de posibles errores o interrupciones del servicio. Asimismo, no se garantiza la ausencia de virus u otros elementos que puedan causar alteraciones en los sistemas inform\u00e1ticos del usuario. Enlaces externos Este sitio web puede contener enlaces a p\u00e1ginas externas de terceros. MaquinSur no se responsabiliza del contenido, funcionamiento o pol\u00edticas de privacidad de dichos sitios. Protecci\u00f3n de datos El tratamiento de los datos personales de los usuarios se rige por lo establecido en la Pol\u00edtica de Privacidad disponible en este sitio web. Legislaci\u00f3n aplicable Las presentes condiciones se regir\u00e1n por la legislaci\u00f3n espa\u00f1ola. Para la resoluci\u00f3n de cualquier conflicto que pudiera derivarse del acceso o uso del sitio web, las partes se someter\u00e1n a los juzgados y tribunales que correspondan conforme a la normativa aplicable. Contacto Para cualquier consulta relacionada con este Aviso Legal puedes contactarnos a trav\u00e9s de: Correo electr\u00f3nicomaquinsur.comercial@gmail.com Tel\u00e9fono+34 653 024 147<\/p>","protected":false},"author":1,"featured_media":0,"parent":0,"menu_order":0,"comment_status":"closed","ping_status":"closed","template":"elementor_header_footer","meta":{"_joinchat":[],"footnotes":""},"class_list":["post-572","page","type-page","status-publish","hentry"],"yoast_head":"<!-- This site is optimized with the Yoast SEO Premium plugin v27.1 (Yoast SEO v27.4) - https:\/\/yoast.com\/product\/yoast-seo-premium-wordpress\/ -->\n<title>Aviso Legal - Mquinsur.es<\/title>\n<meta name=\"robots\" content=\"index, follow, max-snippet:-1, max-image-preview:large, max-video-preview:-1\" \/>\n<link rel=\"canonical\" href=\"https:\/\/maquinsur.es\/de\/aviso-legal\/\" \/>\n<meta property=\"og:locale\" content=\"de_DE\" \/>\n<meta property=\"og:type\" content=\"article\" \/>\n<meta property=\"og:title\" content=\"Aviso Legal\" \/>\n<meta property=\"og:description\" content=\"Aviso Legal Inicio En cumplimiento con el deber de informaci\u00f3n establecido en la legislaci\u00f3n vigente, se detallan a continuaci\u00f3n los datos identificativos del titular de este sitio web. Datos del titular Titular del sitio web: MaquinSurActividad: Alquiler de sanitarios port\u00e1tiles y maquinaria para eventos, obras y producciones audiovisualesUbicaci\u00f3n: Islas Canarias, Espa\u00f1aTel\u00e9fono: +34 653 024 147Correo electr\u00f3nico: maquinsur.comercial@gmail.com Objeto El presente Aviso Legal regula el acceso, navegaci\u00f3n y uso del sitio web, as\u00ed como las responsabilidades derivadas de la utilizaci\u00f3n de sus contenidos, incluyendo textos, im\u00e1genes, informaci\u00f3n, servicios y cualquier otro material disponible en el sitio. El acceso a este sitio web atribuye la condici\u00f3n de usuario e implica la aceptaci\u00f3n plena de todas las disposiciones incluidas en este Aviso Legal. Condiciones de uso El usuario se compromete a utilizar el sitio web de manera adecuada y conforme a la legislaci\u00f3n vigente, la buena fe y el orden p\u00fablico. Queda prohibido: Realizar actividades il\u00edcitas o contrarias a la normativa vigente Intentar acceder sin autorizaci\u00f3n a sistemas inform\u00e1ticos del sitio web Introducir virus o programas que puedan causar da\u00f1os en los sistemas Utilizar los contenidos del sitio con fines comerciales sin autorizaci\u00f3n El titular del sitio se reserva el derecho de retirar comentarios o contenidos que puedan resultar inapropiados o contrarios a la ley. Propiedad intelectual e industrial Todos los contenidos del sitio web, incluyendo textos, im\u00e1genes, dise\u00f1o, logotipos, gr\u00e1ficos, c\u00f3digo y estructura, est\u00e1n protegidos por los derechos de propiedad intelectual e industrial. Queda prohibida la reproducci\u00f3n, distribuci\u00f3n, modificaci\u00f3n o utilizaci\u00f3n de los contenidos sin la autorizaci\u00f3n expresa del titular del sitio web. Responsabilidad El titular del sitio web no se hace responsable de los da\u00f1os o perjuicios que pudieran derivarse del uso de la informaci\u00f3n contenida en el sitio web ni de posibles errores o interrupciones del servicio. Asimismo, no se garantiza la ausencia de virus u otros elementos que puedan causar alteraciones en los sistemas inform\u00e1ticos del usuario. Enlaces externos Este sitio web puede contener enlaces a p\u00e1ginas externas de terceros. MaquinSur no se responsabiliza del contenido, funcionamiento o pol\u00edticas de privacidad de dichos sitios. Protecci\u00f3n de datos El tratamiento de los datos personales de los usuarios se rige por lo establecido en la Pol\u00edtica de Privacidad disponible en este sitio web. Legislaci\u00f3n aplicable Las presentes condiciones se regir\u00e1n por la legislaci\u00f3n espa\u00f1ola. Para la resoluci\u00f3n de cualquier conflicto que pudiera derivarse del acceso o uso del sitio web, las partes se someter\u00e1n a los juzgados y tribunales que correspondan conforme a la normativa aplicable. Contacto Para cualquier consulta relacionada con este Aviso Legal puedes contactarnos a trav\u00e9s de: Correo electr\u00f3nicomaquinsur.comercial@gmail.com Tel\u00e9fono+34 653 024 147\" \/>\n<meta property=\"og:url\" content=\"https:\/\/maquinsur.es\/de\/aviso-legal\/\" \/>\n<meta property=\"og:site_name\" content=\"Mquinsur.es\" \/>\n<meta property=\"article:modified_time\" content=\"2026-03-12T14:27:16+00:00\" \/>\n<meta property=\"og:image\" content=\"https:\/\/maquinsur.es\/wp-content\/uploads\/2026\/03\/Miniatura.png\" \/>\n\t<meta property=\"og:image:width\" content=\"1200\" \/>\n\t<meta property=\"og:image:height\" content=\"675\" \/>\n\t<meta property=\"og:image:type\" content=\"image\/png\" \/>\n<meta name=\"twitter:card\" content=\"summary_large_image\" \/>\n<meta name=\"twitter:label1\" content=\"Gesch\u00e4tzte Lesezeit\" \/>\n\t<meta name=\"twitter:data1\" content=\"3\u00a0Minuten\" \/>\n<script type=\"application\/ld+json\" class=\"yoast-schema-graph\">{\"@context\":\"https:\\\/\\\/schema.org\",\"@graph\":[{\"@type\":\"WebPage\",\"@id\":\"https:\\\/\\\/maquinsur.es\\\/aviso-legal\\\/\",\"url\":\"https:\\\/\\\/maquinsur.es\\\/aviso-legal\\\/\",\"name\":\"Aviso Legal - Mquinsur.es\",\"isPartOf\":{\"@id\":\"https:\\\/\\\/maquinsur.es\\\/#website\"},\"datePublished\":\"2026-03-12T14:25:34+00:00\",\"dateModified\":\"2026-03-12T14:27:16+00:00\",\"breadcrumb\":{\"@id\":\"https:\\\/\\\/maquinsur.es\\\/aviso-legal\\\/#breadcrumb\"},\"inLanguage\":\"de\",\"potentialAction\":[{\"@type\":\"ReadAction\",\"target\":[\"https:\\\/\\\/maquinsur.es\\\/aviso-legal\\\/\"]}]},{\"@type\":\"BreadcrumbList\",\"@id\":\"https:\\\/\\\/maquinsur.es\\\/aviso-legal\\\/#breadcrumb\",\"itemListElement\":[{\"@type\":\"ListItem\",\"position\":1,\"name\":\"Home\",\"item\":\"https:\\\/\\\/maquinsur.es\\\/\"},{\"@type\":\"ListItem\",\"position\":2,\"name\":\"Aviso Legal\"}]},{\"@type\":\"WebSite\",\"@id\":\"https:\\\/\\\/maquinsur.es\\\/#website\",\"url\":\"https:\\\/\\\/maquinsur.es\\\/\",\"name\":\"Mquinsur.es\",\"description\":\"\",\"publisher\":{\"@id\":\"https:\\\/\\\/maquinsur.es\\\/#organization\"},\"potentialAction\":[{\"@type\":\"SearchAction\",\"target\":{\"@type\":\"EntryPoint\",\"urlTemplate\":\"https:\\\/\\\/maquinsur.es\\\/?s={search_term_string}\"},\"query-input\":{\"@type\":\"PropertyValueSpecification\",\"valueRequired\":true,\"valueName\":\"search_term_string\"}}],\"inLanguage\":\"de\"},{\"@type\":\"Organization\",\"@id\":\"https:\\\/\\\/maquinsur.es\\\/#organization\",\"name\":\"Mquinsur.es\",\"url\":\"https:\\\/\\\/maquinsur.es\\\/\",\"logo\":{\"@type\":\"ImageObject\",\"inLanguage\":\"de\",\"@id\":\"https:\\\/\\\/maquinsur.es\\\/#\\\/schema\\\/logo\\\/image\\\/\",\"url\":\"https:\\\/\\\/maquinsur.es\\\/wp-content\\\/uploads\\\/2026\\\/03\\\/Maquinsur.es-Logo.png\",\"contentUrl\":\"https:\\\/\\\/maquinsur.es\\\/wp-content\\\/uploads\\\/2026\\\/03\\\/Maquinsur.es-Logo.png\",\"width\":927,\"height\":190,\"caption\":\"Mquinsur.es\"},\"image\":{\"@id\":\"https:\\\/\\\/maquinsur.es\\\/#\\\/schema\\\/logo\\\/image\\\/\"}}]}<\/script>\n<!-- \/ Yoast SEO Premium plugin. -->","yoast_head_json":{"title":"Aviso Legal - Mquinsur.es","robots":{"index":"index","follow":"follow","max-snippet":"max-snippet:-1","max-image-preview":"max-image-preview:large","max-video-preview":"max-video-preview:-1"},"canonical":"https:\/\/maquinsur.es\/de\/aviso-legal\/","og_locale":"de_DE","og_type":"article","og_title":"Aviso Legal","og_description":"Aviso Legal Inicio En cumplimiento con el deber de informaci\u00f3n establecido en la legislaci\u00f3n vigente, se detallan a continuaci\u00f3n los datos identificativos del titular de este sitio web. Datos del titular Titular del sitio web: MaquinSurActividad: Alquiler de sanitarios port\u00e1tiles y maquinaria para eventos, obras y producciones audiovisualesUbicaci\u00f3n: Islas Canarias, Espa\u00f1aTel\u00e9fono: +34 653 024 147Correo electr\u00f3nico: maquinsur.comercial@gmail.com Objeto El presente Aviso Legal regula el acceso, navegaci\u00f3n y uso del sitio web, as\u00ed como las responsabilidades derivadas de la utilizaci\u00f3n de sus contenidos, incluyendo textos, im\u00e1genes, informaci\u00f3n, servicios y cualquier otro material disponible en el sitio. El acceso a este sitio web atribuye la condici\u00f3n de usuario e implica la aceptaci\u00f3n plena de todas las disposiciones incluidas en este Aviso Legal. Condiciones de uso El usuario se compromete a utilizar el sitio web de manera adecuada y conforme a la legislaci\u00f3n vigente, la buena fe y el orden p\u00fablico. Queda prohibido: Realizar actividades il\u00edcitas o contrarias a la normativa vigente Intentar acceder sin autorizaci\u00f3n a sistemas inform\u00e1ticos del sitio web Introducir virus o programas que puedan causar da\u00f1os en los sistemas Utilizar los contenidos del sitio con fines comerciales sin autorizaci\u00f3n El titular del sitio se reserva el derecho de retirar comentarios o contenidos que puedan resultar inapropiados o contrarios a la ley. Propiedad intelectual e industrial Todos los contenidos del sitio web, incluyendo textos, im\u00e1genes, dise\u00f1o, logotipos, gr\u00e1ficos, c\u00f3digo y estructura, est\u00e1n protegidos por los derechos de propiedad intelectual e industrial. Queda prohibida la reproducci\u00f3n, distribuci\u00f3n, modificaci\u00f3n o utilizaci\u00f3n de los contenidos sin la autorizaci\u00f3n expresa del titular del sitio web. Responsabilidad El titular del sitio web no se hace responsable de los da\u00f1os o perjuicios que pudieran derivarse del uso de la informaci\u00f3n contenida en el sitio web ni de posibles errores o interrupciones del servicio. Asimismo, no se garantiza la ausencia de virus u otros elementos que puedan causar alteraciones en los sistemas inform\u00e1ticos del usuario. Enlaces externos Este sitio web puede contener enlaces a p\u00e1ginas externas de terceros. MaquinSur no se responsabiliza del contenido, funcionamiento o pol\u00edticas de privacidad de dichos sitios. Protecci\u00f3n de datos El tratamiento de los datos personales de los usuarios se rige por lo establecido en la Pol\u00edtica de Privacidad disponible en este sitio web. Legislaci\u00f3n aplicable Las presentes condiciones se regir\u00e1n por la legislaci\u00f3n espa\u00f1ola. Para la resoluci\u00f3n de cualquier conflicto que pudiera derivarse del acceso o uso del sitio web, las partes se someter\u00e1n a los juzgados y tribunales que correspondan conforme a la normativa aplicable. Contacto Para cualquier consulta relacionada con este Aviso Legal puedes contactarnos a trav\u00e9s de: Correo electr\u00f3nicomaquinsur.comercial@gmail.com Tel\u00e9fono+34 653 024 147","og_url":"https:\/\/maquinsur.es\/de\/aviso-legal\/","og_site_name":"Mquinsur.es","article_modified_time":"2026-03-12T14:27:16+00:00","og_image":[{"width":1200,"height":675,"url":"https:\/\/maquinsur.es\/wp-content\/uploads\/2026\/03\/Miniatura.png","type":"image\/png"}],"twitter_card":"summary_large_image","twitter_misc":{"Gesch\u00e4tzte Lesezeit":"3\u00a0Minuten"},"schema":{"@context":"https:\/\/schema.org","@graph":[{"@type":"WebPage","@id":"https:\/\/maquinsur.es\/aviso-legal\/","url":"https:\/\/maquinsur.es\/aviso-legal\/","name":"Aviso Legal - Mquinsur.es","isPartOf":{"@id":"https:\/\/maquinsur.es\/#website"},"datePublished":"2026-03-12T14:25:34+00:00","dateModified":"2026-03-12T14:27:16+00:00","breadcrumb":{"@id":"https:\/\/maquinsur.es\/aviso-legal\/#breadcrumb"},"inLanguage":"de","potentialAction":[{"@type":"ReadAction","target":["https:\/\/maquinsur.es\/aviso-legal\/"]}]},{"@type":"BreadcrumbList","@id":"https:\/\/maquinsur.es\/aviso-legal\/#breadcrumb","itemListElement":[{"@type":"ListItem","position":1,"name":"Home","item":"https:\/\/maquinsur.es\/"},{"@type":"ListItem","position":2,"name":"Aviso Legal"}]},{"@type":"WebSite","@id":"https:\/\/maquinsur.es\/#website","url":"https:\/\/maquinsur.es\/","name":"Mquinsur.es","description":"","publisher":{"@id":"https:\/\/maquinsur.es\/#organization"},"potentialAction":[{"@type":"SearchAction","target":{"@type":"EntryPoint","urlTemplate":"https:\/\/maquinsur.es\/?s={search_term_string}"},"query-input":{"@type":"PropertyValueSpecification","valueRequired":true,"valueName":"search_term_string"}}],"inLanguage":"de"},{"@type":"Organization","@id":"https:\/\/maquinsur.es\/#organization","name":"Mquinsur.es","url":"https:\/\/maquinsur.es\/","logo":{"@type":"ImageObject","inLanguage":"de","@id":"https:\/\/maquinsur.es\/#\/schema\/logo\/image\/","url":"https:\/\/maquinsur.es\/wp-content\/uploads\/2026\/03\/Maquinsur.es-Logo.png","contentUrl":"https:\/\/maquinsur.es\/wp-content\/uploads\/2026\/03\/Maquinsur.es-Logo.png","width":927,"height":190,"caption":"Mquinsur.es"},"image":{"@id":"https:\/\/maquinsur.es\/#\/schema\/logo\/image\/"}}]}},"_hostinger_reach_plugin_has_subscription_block":false,"_hostinger_reach_plugin_is_elementor":false,"_links":{"self":[{"href":"https:\/\/maquinsur.es\/de\/wp-json\/wp\/v2\/pages\/572","targetHints":{"allow":["GET"]}}],"collection":[{"href":"https:\/\/maquinsur.es\/de\/wp-json\/wp\/v2\/pages"}],"about":[{"href":"https:\/\/maquinsur.es\/de\/wp-json\/wp\/v2\/types\/page"}],"author":[{"embeddable":true,"href":"https:\/\/maquinsur.es\/de\/wp-json\/wp\/v2\/users\/1"}],"replies":[{"embeddable":true,"href":"https:\/\/maquinsur.es\/de\/wp-json\/wp\/v2\/comments?post=572"}],"version-history":[{"count":4,"href":"https:\/\/maquinsur.es\/de\/wp-json\/wp\/v2\/pages\/572\/revisions"}],"predecessor-version":[{"id":576,"href":"https:\/\/maquinsur.es\/de\/wp-json\/wp\/v2\/pages\/572\/revisions\/576"}],"wp:attachment":[{"href":"https:\/\/maquinsur.es\/de\/wp-json\/wp\/v2\/media?parent=572"}],"curies":[{"name":"wp","href":"https:\/\/api.w.org\/{rel}","templated":true}]}}