{"id":567,"date":"2026-03-12T14:22:55","date_gmt":"2026-03-12T14:22:55","guid":{"rendered":"https:\/\/maquinsur.es\/?page_id=567"},"modified":"2026-03-12T14:24:05","modified_gmt":"2026-03-12T14:24:05","slug":"politicas-de-cookies","status":"publish","type":"page","link":"https:\/\/maquinsur.es\/de\/politicas-de-cookies\/","title":{"rendered":"Cookie-Richtlinie"},"content":{"rendered":"<div data-elementor-type=\"wp-page\" data-elementor-id=\"567\" class=\"elementor elementor-567\" data-elementor-post-type=\"page\">\n\t\t\t\t\t\t<section class=\"elementor-section elementor-top-section elementor-element elementor-element-54aa8a0e elementor-section-boxed elementor-section-height-default elementor-section-height-default wpr-particle-no wpr-jarallax-no wpr-parallax-no wpr-sticky-section-no wpr-equal-height-no\" data-id=\"54aa8a0e\" data-element_type=\"section\" data-e-type=\"section\" data-settings=\"{&quot;background_background&quot;:&quot;classic&quot;}\">\n\t\t\t\t\t\t\t<div class=\"elementor-background-overlay\"><\/div>\n\t\t\t\t\t\t\t<div class=\"elementor-container elementor-column-gap-default\">\n\t\t\t\t\t<div class=\"elementor-column elementor-col-100 elementor-top-column elementor-element elementor-element-523037be\" data-id=\"523037be\" data-element_type=\"column\" data-e-type=\"column\">\n\t\t\t<div class=\"elementor-widget-wrap elementor-element-populated\">\n\t\t\t\t\t\t<div class=\"elementor-element elementor-element-7ac02737 elementor-invisible elementor-widget elementor-widget-heading\" data-id=\"7ac02737\" data-element_type=\"widget\" data-e-type=\"widget\" data-settings=\"{&quot;_animation&quot;:&quot;fadeInDown&quot;}\" data-widget_type=\"heading.default\">\n\t\t\t\t\t<h2 class=\"elementor-heading-title elementor-size-default\">Cookie-Richtlinie<\/h2>\t\t\t\t<\/div>\n\t\t\t\t<div class=\"elementor-element elementor-element-572a89e2 elementor-icon-list--layout-inline elementor-align-center elementor-widget__width-auto elementor-list-item-link-full_width elementor-invisible elementor-widget elementor-widget-icon-list\" data-id=\"572a89e2\" data-element_type=\"widget\" data-e-type=\"widget\" data-settings=\"{&quot;_animation&quot;:&quot;fadeInDown&quot;,&quot;_animation_delay&quot;:720}\" data-widget_type=\"icon-list.default\">\n\t\t\t\t\t\t\t<ul class=\"elementor-icon-list-items elementor-inline-items\">\n\t\t\t\t\t\t\t<li class=\"elementor-icon-list-item elementor-inline-item\">\n\t\t\t\t\t\t\t\t\t\t\t<a href=\"https:\/\/maquinsur.es\/de\/\">\n\n\t\t\t\t\t\t\t\t\t\t\t<span class=\"elementor-icon-list-text\">Start<\/span>\n\t\t\t\t\t\t\t\t\t\t\t<\/a>\n\t\t\t\t\t\t\t\t\t<\/li>\n\t\t\t\t\t\t\t\t<li class=\"elementor-icon-list-item elementor-inline-item\">\n\t\t\t\t\t\t\t\t\t\t\t<a href=\"#\">\n\n\t\t\t\t\t\t\t\t\t\t\t\t<span class=\"elementor-icon-list-icon\">\n\t\t\t\t\t\t\t<i aria-hidden=\"true\" class=\"mdi mdi-chevron-double-right\"><\/i>\t\t\t\t\t\t<\/span>\n\t\t\t\t\t\t\t\t\t\t<span class=\"elementor-icon-list-text\"><\/span>\n\t\t\t\t\t\t\t\t\t\t\t<\/a>\n\t\t\t\t\t\t\t\t\t<\/li>\n\t\t\t\t\t\t<\/ul>\n\t\t\t\t\t\t<\/div>\n\t\t\t\t\t<\/div>\n\t\t<\/div>\n\t\t\t\t\t<\/div>\n\t\t<\/section>\n\t\t<div class=\"elementor-element elementor-element-95e4420 e-flex e-con-boxed wpr-particle-no wpr-jarallax-no wpr-parallax-no wpr-sticky-section-no wpr-equal-height-no e-con e-parent\" data-id=\"95e4420\" data-element_type=\"container\" data-e-type=\"container\" data-settings=\"{&quot;background_background&quot;:&quot;classic&quot;}\">\n\t\t\t\t\t<div class=\"e-con-inner\">\n\t\t\t\t<div class=\"elementor-element elementor-element-5ba81a3 elementor-widget elementor-widget-text-editor\" data-id=\"5ba81a3\" data-element_type=\"widget\" data-e-type=\"widget\" data-widget_type=\"text-editor.default\">\n\t\t\t\t\t\t\t\t\t<p data-start=\"185\" data-end=\"343\">Auf dieser Website verwenden wir Cookies, um das Surferlebnis des Nutzers zu verbessern, die Nutzung der Website zu analysieren und einen effizienteren Service zu bieten.<\/p><p data-start=\"345\" data-end=\"463\">Indem Sie diese Website weiterhin nutzen, stimmen Sie der Verwendung von Cookies gem\u00e4\u00df den in dieser Richtlinie festgelegten Bedingungen zu.<\/p><h2 data-section-id=\"6aoy6r\" data-start=\"465\" data-end=\"489\">Was sind Cookies?<\/h2><p data-start=\"491\" data-end=\"753\">Cookies sind kleine Textdateien, die beim Besuch einer Website im Browser eines Nutzers gespeichert werden. Sie dienen dazu, Informationen \u00fcber den Besuch zu speichern, was eine verbesserte Benutzererfahrung und eine optimierte Website-Performance erm\u00f6glicht.<\/p><p data-start=\"755\" data-end=\"841\">Cookies enthalten keine sensiblen pers\u00f6nlichen Informationen und k\u00f6nnen Ihrem Ger\u00e4t keinen Schaden zuf\u00fcgen.<\/p><h2 data-section-id=\"1nzjn5u\" data-start=\"843\" data-end=\"873\">Verwendete Cookie-Arten<\/h2><p data-start=\"875\" data-end=\"937\">Diese Website verwendet m\u00f6glicherweise folgende Arten von Cookies:<\/p><h3 data-section-id=\"f4tatc\" data-start=\"939\" data-end=\"972\">Technische oder notwendige Cookies<\/h3><p data-start=\"974\" data-end=\"1149\">Dies sind die f\u00fcr das ordnungsgem\u00e4\u00dfe Funktionieren der Website unerl\u00e4sslichen Cookies. Sie erm\u00f6glichen grundlegende Funktionen wie die Navigation, den Zugriff auf gesch\u00fctzte Bereiche und die Nutzung von Formularen.<\/p><p data-start=\"1151\" data-end=\"1215\">Ohne diese Cookies kann die Website nicht ordnungsgem\u00e4\u00df funktionieren.<\/p><h3 data-section-id=\"6ve7pu\" data-start=\"1217\" data-end=\"1240\">Analyse-Cookies<\/h3><p data-start=\"1242\" data-end=\"1374\">Mithilfe dieser Cookies k\u00f6nnen wir das Nutzerverhalten auf der Website analysieren, um unsere Dienste und Inhalte zu verbessern.<\/p><p data-start=\"1376\" data-end=\"1544\">Tools wie Google Analytics werden im Allgemeinen verwendet, um anonyme Informationen \u00fcber die Anzahl der Besucher, die besuchten Seiten oder die Verweildauer auf der Website zu sammeln.<\/p><h3 data-section-id=\"1l4xv71\" data-start=\"1546\" data-end=\"1576\">Personalisierungs-Cookies<\/h3><p data-start=\"1578\" data-end=\"1714\">Sie erm\u00f6glichen es uns, Benutzerpr\u00e4ferenzen wie Sprache, Region oder Browsereinstellungen zu speichern, um ein personalisiertes Erlebnis zu bieten.<\/p><h3 data-section-id=\"wey66z\" data-start=\"1716\" data-end=\"1739\">Cookies von Drittanbietern<\/h3><p data-start=\"1741\" data-end=\"1861\">In einigen F\u00e4llen kann die Website externe Dienste nutzen, die Cookies im Browser des Nutzers installieren, wie zum Beispiel:<\/p><ul data-start=\"1863\" data-end=\"1968\"><li data-section-id=\"dakk47\" data-start=\"1863\" data-end=\"1881\"><p data-start=\"1865\" data-end=\"1881\">Google Analytics<\/p><\/li><li data-section-id=\"1crp03y\" data-start=\"1882\" data-end=\"1895\"><p data-start=\"1884\" data-end=\"1895\">Google Maps<\/p><\/li><li data-section-id=\"45u3nw\" data-start=\"1896\" data-end=\"1925\"><p data-start=\"1898\" data-end=\"1925\">Soziale Netzwerke<\/p><\/li><li data-section-id=\"14wvhcl\" data-start=\"1926\" data-end=\"1968\"><p data-start=\"1928\" data-end=\"1968\">Webmarketing- oder Analysetools<\/p><\/li><\/ul><p data-start=\"1970\" data-end=\"2067\">Diese Cookies werden von Drittanbietern verwaltet und unterliegen deren eigenen Datenschutzrichtlinien.<\/p><h2 data-section-id=\"gs6kuf\" data-start=\"2069\" data-end=\"2111\">So verwalten oder deaktivieren Sie Cookies<\/h2><p data-start=\"2113\" data-end=\"2253\">Der Benutzer kann \u00fcber die Konfiguration seines Browsers die auf seinem Ger\u00e4t installierten Cookies zulassen, blockieren oder l\u00f6schen.<\/p><p data-start=\"2255\" data-end=\"2344\">Nachfolgend finden Sie Links zur Cookie-Verwaltung in den g\u00e4ngigsten Browsern:<\/p><p data-start=\"2346\" data-end=\"2403\">Google Chrome<br data-start=\"2359\" data-end=\"2362\" \/>Mozilla Firefox<br data-start=\"2377\" data-end=\"2380\" \/>Safari<br data-start=\"2386\" data-end=\"2389\" \/>Microsoft Edge<\/p><p data-start=\"2405\" data-end=\"2505\">Bitte beachten Sie, dass die Deaktivierung einiger Cookies die ordnungsgem\u00e4\u00dfe Funktion der Website beeintr\u00e4chtigen kann.<\/p><h2 data-section-id=\"15ez92k\" data-start=\"2507\" data-end=\"2543\">\u00c4nderungen der Cookie-Richtlinie<\/h2><p data-start=\"2545\" data-end=\"2731\">MaquinSur kann diese Cookie-Richtlinie jederzeit \u00e4ndern, um sie an Gesetzes\u00e4nderungen oder Website-Verbesserungen anzupassen. Wir empfehlen, diese Seite regelm\u00e4\u00dfig zu besuchen.<\/p><h2 data-section-id=\"1c78x6y\" data-start=\"2733\" data-end=\"2744\">Kontakt<\/h2><p data-start=\"2746\" data-end=\"2839\">Bei Fragen zu unserer Cookie-Richtlinie k\u00f6nnen Sie uns wie folgt kontaktieren:<\/p><p data-start=\"2841\" data-end=\"2891\">E-Mail<br data-start=\"2859\" data-end=\"2862\" \/><a class=\"decorated-link cursor-pointer\" rel=\"noopener\" data-start=\"2862\" data-end=\"2891\">maquinsur.comercial@gmail.com<\/a><\/p><p data-start=\"2893\" data-end=\"2919\">Telefon<br data-start=\"2901\" data-end=\"2904\" \/>+34 653 024 147<\/p>\t\t\t\t\t\t\t\t<\/div>\n\t\t\t\t\t<\/div>\n\t\t\t\t<\/div>\n\t\t\t\t<\/div>","protected":false},"excerpt":{"rendered":"<p>Pol\u00edticas De Cookies Inicio En este sitio web utilizamos cookies para mejorar la experiencia de navegaci\u00f3n de los usuarios, analizar el uso del sitio y ofrecer un servicio m\u00e1s eficiente. Al continuar navegando por este sitio web, aceptas el uso de cookies en las condiciones establecidas en esta pol\u00edtica. \u00bfQu\u00e9 son las cookies? Las cookies son peque\u00f1os archivos de texto que se almacenan en el navegador del usuario cuando visita una p\u00e1gina web. Su finalidad es recordar informaci\u00f3n sobre la visita, lo que permite mejorar la experiencia del usuario y optimizar el funcionamiento del sitio. Las cookies no contienen informaci\u00f3n personal sensible ni pueden da\u00f1ar tu dispositivo. Tipos de cookies utilizadas Este sitio web puede utilizar los siguientes tipos de cookies: Cookies t\u00e9cnicas o necesarias Son aquellas indispensables para el correcto funcionamiento de la p\u00e1gina web. Permiten funciones b\u00e1sicas como la navegaci\u00f3n, el acceso a \u00e1reas seguras o el uso de formularios. Sin estas cookies el sitio web no puede funcionar correctamente. Cookies de an\u00e1lisis Estas cookies permiten analizar el comportamiento de los usuarios dentro del sitio web para mejorar nuestros servicios y contenidos. Generalmente se utilizan herramientas como Google Analytics para recopilar informaci\u00f3n an\u00f3nima sobre el n\u00famero de visitantes, p\u00e1ginas visitadas o tiempo de permanencia. Cookies de personalizaci\u00f3n Permiten recordar preferencias del usuario como idioma, regi\u00f3n o configuraci\u00f3n del navegador para ofrecer una experiencia personalizada. Cookies de terceros En algunos casos, el sitio web puede utilizar servicios externos que instalan cookies en el navegador del usuario, como: Google Analytics Google Maps Servicios de redes sociales Herramientas de marketing o an\u00e1lisis web Estas cookies son gestionadas por terceros y est\u00e1n sujetas a sus propias pol\u00edticas de privacidad. C\u00f3mo gestionar o desactivar las cookies El usuario puede permitir, bloquear o eliminar las cookies instaladas en su dispositivo mediante la configuraci\u00f3n del navegador que utilice. A continuaci\u00f3n se indican enlaces a la gesti\u00f3n de cookies en los navegadores m\u00e1s comunes: Google ChromeMozilla FirefoxSafariMicrosoft Edge Ten en cuenta que desactivar algunas cookies puede afectar al funcionamiento correcto del sitio web. Cambios en la pol\u00edtica de cookies MaquinSur puede modificar esta Pol\u00edtica de Cookies en cualquier momento para adaptarla a cambios legislativos o mejoras en el sitio web. Se recomienda revisar esta p\u00e1gina peri\u00f3dicamente. Contacto Si tienes alguna pregunta sobre nuestra Pol\u00edtica de Cookies, puedes contactarnos a trav\u00e9s de: Correo electr\u00f3nicomaquinsur.comercial@gmail.com Tel\u00e9fono+34 653 024 147<\/p>","protected":false},"author":1,"featured_media":0,"parent":0,"menu_order":0,"comment_status":"closed","ping_status":"closed","template":"elementor_header_footer","meta":{"_joinchat":[],"footnotes":""},"class_list":["post-567","page","type-page","status-publish","hentry"],"yoast_head":"<!-- This site is optimized with the Yoast SEO Premium plugin v27.1 (Yoast SEO v27.4) - https:\/\/yoast.com\/product\/yoast-seo-premium-wordpress\/ -->\n<title>Pol\u00edticas de Cookies - Mquinsur.es<\/title>\n<meta name=\"robots\" content=\"index, follow, max-snippet:-1, max-image-preview:large, max-video-preview:-1\" \/>\n<link rel=\"canonical\" href=\"https:\/\/maquinsur.es\/de\/politicas-de-cookies\/\" \/>\n<meta property=\"og:locale\" content=\"de_DE\" \/>\n<meta property=\"og:type\" content=\"article\" \/>\n<meta property=\"og:title\" content=\"Pol\u00edticas de Cookies\" \/>\n<meta property=\"og:description\" content=\"Pol\u00edticas De Cookies Inicio En este sitio web utilizamos cookies para mejorar la experiencia de navegaci\u00f3n de los usuarios, analizar el uso del sitio y ofrecer un servicio m\u00e1s eficiente. Al continuar navegando por este sitio web, aceptas el uso de cookies en las condiciones establecidas en esta pol\u00edtica. \u00bfQu\u00e9 son las cookies? Las cookies son peque\u00f1os archivos de texto que se almacenan en el navegador del usuario cuando visita una p\u00e1gina web. Su finalidad es recordar informaci\u00f3n sobre la visita, lo que permite mejorar la experiencia del usuario y optimizar el funcionamiento del sitio. Las cookies no contienen informaci\u00f3n personal sensible ni pueden da\u00f1ar tu dispositivo. Tipos de cookies utilizadas Este sitio web puede utilizar los siguientes tipos de cookies: Cookies t\u00e9cnicas o necesarias Son aquellas indispensables para el correcto funcionamiento de la p\u00e1gina web. Permiten funciones b\u00e1sicas como la navegaci\u00f3n, el acceso a \u00e1reas seguras o el uso de formularios. Sin estas cookies el sitio web no puede funcionar correctamente. Cookies de an\u00e1lisis Estas cookies permiten analizar el comportamiento de los usuarios dentro del sitio web para mejorar nuestros servicios y contenidos. Generalmente se utilizan herramientas como Google Analytics para recopilar informaci\u00f3n an\u00f3nima sobre el n\u00famero de visitantes, p\u00e1ginas visitadas o tiempo de permanencia. Cookies de personalizaci\u00f3n Permiten recordar preferencias del usuario como idioma, regi\u00f3n o configuraci\u00f3n del navegador para ofrecer una experiencia personalizada. Cookies de terceros En algunos casos, el sitio web puede utilizar servicios externos que instalan cookies en el navegador del usuario, como: Google Analytics Google Maps Servicios de redes sociales Herramientas de marketing o an\u00e1lisis web Estas cookies son gestionadas por terceros y est\u00e1n sujetas a sus propias pol\u00edticas de privacidad. C\u00f3mo gestionar o desactivar las cookies El usuario puede permitir, bloquear o eliminar las cookies instaladas en su dispositivo mediante la configuraci\u00f3n del navegador que utilice. A continuaci\u00f3n se indican enlaces a la gesti\u00f3n de cookies en los navegadores m\u00e1s comunes: Google ChromeMozilla FirefoxSafariMicrosoft Edge Ten en cuenta que desactivar algunas cookies puede afectar al funcionamiento correcto del sitio web. Cambios en la pol\u00edtica de cookies MaquinSur puede modificar esta Pol\u00edtica de Cookies en cualquier momento para adaptarla a cambios legislativos o mejoras en el sitio web. Se recomienda revisar esta p\u00e1gina peri\u00f3dicamente. Contacto Si tienes alguna pregunta sobre nuestra Pol\u00edtica de Cookies, puedes contactarnos a trav\u00e9s de: Correo electr\u00f3nicomaquinsur.comercial@gmail.com Tel\u00e9fono+34 653 024 147\" \/>\n<meta property=\"og:url\" content=\"https:\/\/maquinsur.es\/de\/politicas-de-cookies\/\" \/>\n<meta property=\"og:site_name\" content=\"Mquinsur.es\" \/>\n<meta property=\"article:modified_time\" content=\"2026-03-12T14:24:05+00:00\" \/>\n<meta property=\"og:image\" content=\"https:\/\/maquinsur.es\/wp-content\/uploads\/2026\/03\/Miniatura.png\" \/>\n\t<meta property=\"og:image:width\" content=\"1200\" \/>\n\t<meta property=\"og:image:height\" content=\"675\" \/>\n\t<meta property=\"og:image:type\" content=\"image\/png\" \/>\n<meta name=\"twitter:card\" content=\"summary_large_image\" \/>\n<meta name=\"twitter:label1\" content=\"Gesch\u00e4tzte Lesezeit\" \/>\n\t<meta name=\"twitter:data1\" content=\"2\u00a0Minuten\" \/>\n<script type=\"application\/ld+json\" class=\"yoast-schema-graph\">{\"@context\":\"https:\\\/\\\/schema.org\",\"@graph\":[{\"@type\":\"WebPage\",\"@id\":\"https:\\\/\\\/maquinsur.es\\\/politicas-de-cookies\\\/\",\"url\":\"https:\\\/\\\/maquinsur.es\\\/politicas-de-cookies\\\/\",\"name\":\"Pol\u00edticas de Cookies - Mquinsur.es\",\"isPartOf\":{\"@id\":\"https:\\\/\\\/maquinsur.es\\\/#website\"},\"datePublished\":\"2026-03-12T14:22:55+00:00\",\"dateModified\":\"2026-03-12T14:24:05+00:00\",\"breadcrumb\":{\"@id\":\"https:\\\/\\\/maquinsur.es\\\/politicas-de-cookies\\\/#breadcrumb\"},\"inLanguage\":\"de\",\"potentialAction\":[{\"@type\":\"ReadAction\",\"target\":[\"https:\\\/\\\/maquinsur.es\\\/politicas-de-cookies\\\/\"]}]},{\"@type\":\"BreadcrumbList\",\"@id\":\"https:\\\/\\\/maquinsur.es\\\/politicas-de-cookies\\\/#breadcrumb\",\"itemListElement\":[{\"@type\":\"ListItem\",\"position\":1,\"name\":\"Home\",\"item\":\"https:\\\/\\\/maquinsur.es\\\/\"},{\"@type\":\"ListItem\",\"position\":2,\"name\":\"Pol\u00edticas de Cookies\"}]},{\"@type\":\"WebSite\",\"@id\":\"https:\\\/\\\/maquinsur.es\\\/#website\",\"url\":\"https:\\\/\\\/maquinsur.es\\\/\",\"name\":\"Mquinsur.es\",\"description\":\"\",\"publisher\":{\"@id\":\"https:\\\/\\\/maquinsur.es\\\/#organization\"},\"potentialAction\":[{\"@type\":\"SearchAction\",\"target\":{\"@type\":\"EntryPoint\",\"urlTemplate\":\"https:\\\/\\\/maquinsur.es\\\/?s={search_term_string}\"},\"query-input\":{\"@type\":\"PropertyValueSpecification\",\"valueRequired\":true,\"valueName\":\"search_term_string\"}}],\"inLanguage\":\"de\"},{\"@type\":\"Organization\",\"@id\":\"https:\\\/\\\/maquinsur.es\\\/#organization\",\"name\":\"Mquinsur.es\",\"url\":\"https:\\\/\\\/maquinsur.es\\\/\",\"logo\":{\"@type\":\"ImageObject\",\"inLanguage\":\"de\",\"@id\":\"https:\\\/\\\/maquinsur.es\\\/#\\\/schema\\\/logo\\\/image\\\/\",\"url\":\"https:\\\/\\\/maquinsur.es\\\/wp-content\\\/uploads\\\/2026\\\/03\\\/Maquinsur.es-Logo.png\",\"contentUrl\":\"https:\\\/\\\/maquinsur.es\\\/wp-content\\\/uploads\\\/2026\\\/03\\\/Maquinsur.es-Logo.png\",\"width\":927,\"height\":190,\"caption\":\"Mquinsur.es\"},\"image\":{\"@id\":\"https:\\\/\\\/maquinsur.es\\\/#\\\/schema\\\/logo\\\/image\\\/\"}}]}<\/script>\n<!-- \/ Yoast SEO Premium plugin. -->","yoast_head_json":{"title":"Pol\u00edticas de Cookies - Mquinsur.es","robots":{"index":"index","follow":"follow","max-snippet":"max-snippet:-1","max-image-preview":"max-image-preview:large","max-video-preview":"max-video-preview:-1"},"canonical":"https:\/\/maquinsur.es\/de\/politicas-de-cookies\/","og_locale":"de_DE","og_type":"article","og_title":"Pol\u00edticas de Cookies","og_description":"Pol\u00edticas De Cookies Inicio En este sitio web utilizamos cookies para mejorar la experiencia de navegaci\u00f3n de los usuarios, analizar el uso del sitio y ofrecer un servicio m\u00e1s eficiente. Al continuar navegando por este sitio web, aceptas el uso de cookies en las condiciones establecidas en esta pol\u00edtica. \u00bfQu\u00e9 son las cookies? Las cookies son peque\u00f1os archivos de texto que se almacenan en el navegador del usuario cuando visita una p\u00e1gina web. Su finalidad es recordar informaci\u00f3n sobre la visita, lo que permite mejorar la experiencia del usuario y optimizar el funcionamiento del sitio. Las cookies no contienen informaci\u00f3n personal sensible ni pueden da\u00f1ar tu dispositivo. Tipos de cookies utilizadas Este sitio web puede utilizar los siguientes tipos de cookies: Cookies t\u00e9cnicas o necesarias Son aquellas indispensables para el correcto funcionamiento de la p\u00e1gina web. Permiten funciones b\u00e1sicas como la navegaci\u00f3n, el acceso a \u00e1reas seguras o el uso de formularios. Sin estas cookies el sitio web no puede funcionar correctamente. Cookies de an\u00e1lisis Estas cookies permiten analizar el comportamiento de los usuarios dentro del sitio web para mejorar nuestros servicios y contenidos. Generalmente se utilizan herramientas como Google Analytics para recopilar informaci\u00f3n an\u00f3nima sobre el n\u00famero de visitantes, p\u00e1ginas visitadas o tiempo de permanencia. Cookies de personalizaci\u00f3n Permiten recordar preferencias del usuario como idioma, regi\u00f3n o configuraci\u00f3n del navegador para ofrecer una experiencia personalizada. Cookies de terceros En algunos casos, el sitio web puede utilizar servicios externos que instalan cookies en el navegador del usuario, como: Google Analytics Google Maps Servicios de redes sociales Herramientas de marketing o an\u00e1lisis web Estas cookies son gestionadas por terceros y est\u00e1n sujetas a sus propias pol\u00edticas de privacidad. C\u00f3mo gestionar o desactivar las cookies El usuario puede permitir, bloquear o eliminar las cookies instaladas en su dispositivo mediante la configuraci\u00f3n del navegador que utilice. A continuaci\u00f3n se indican enlaces a la gesti\u00f3n de cookies en los navegadores m\u00e1s comunes: Google ChromeMozilla FirefoxSafariMicrosoft Edge Ten en cuenta que desactivar algunas cookies puede afectar al funcionamiento correcto del sitio web. Cambios en la pol\u00edtica de cookies MaquinSur puede modificar esta Pol\u00edtica de Cookies en cualquier momento para adaptarla a cambios legislativos o mejoras en el sitio web. Se recomienda revisar esta p\u00e1gina peri\u00f3dicamente. Contacto Si tienes alguna pregunta sobre nuestra Pol\u00edtica de Cookies, puedes contactarnos a trav\u00e9s de: Correo electr\u00f3nicomaquinsur.comercial@gmail.com Tel\u00e9fono+34 653 024 147","og_url":"https:\/\/maquinsur.es\/de\/politicas-de-cookies\/","og_site_name":"Mquinsur.es","article_modified_time":"2026-03-12T14:24:05+00:00","og_image":[{"width":1200,"height":675,"url":"https:\/\/maquinsur.es\/wp-content\/uploads\/2026\/03\/Miniatura.png","type":"image\/png"}],"twitter_card":"summary_large_image","twitter_misc":{"Gesch\u00e4tzte Lesezeit":"2\u00a0Minuten"},"schema":{"@context":"https:\/\/schema.org","@graph":[{"@type":"WebPage","@id":"https:\/\/maquinsur.es\/politicas-de-cookies\/","url":"https:\/\/maquinsur.es\/politicas-de-cookies\/","name":"Pol\u00edticas de Cookies - Mquinsur.es","isPartOf":{"@id":"https:\/\/maquinsur.es\/#website"},"datePublished":"2026-03-12T14:22:55+00:00","dateModified":"2026-03-12T14:24:05+00:00","breadcrumb":{"@id":"https:\/\/maquinsur.es\/politicas-de-cookies\/#breadcrumb"},"inLanguage":"de","potentialAction":[{"@type":"ReadAction","target":["https:\/\/maquinsur.es\/politicas-de-cookies\/"]}]},{"@type":"BreadcrumbList","@id":"https:\/\/maquinsur.es\/politicas-de-cookies\/#breadcrumb","itemListElement":[{"@type":"ListItem","position":1,"name":"Home","item":"https:\/\/maquinsur.es\/"},{"@type":"ListItem","position":2,"name":"Pol\u00edticas de Cookies"}]},{"@type":"WebSite","@id":"https:\/\/maquinsur.es\/#website","url":"https:\/\/maquinsur.es\/","name":"Mquinsur.es","description":"","publisher":{"@id":"https:\/\/maquinsur.es\/#organization"},"potentialAction":[{"@type":"SearchAction","target":{"@type":"EntryPoint","urlTemplate":"https:\/\/maquinsur.es\/?s={search_term_string}"},"query-input":{"@type":"PropertyValueSpecification","valueRequired":true,"valueName":"search_term_string"}}],"inLanguage":"de"},{"@type":"Organization","@id":"https:\/\/maquinsur.es\/#organization","name":"Mquinsur.es","url":"https:\/\/maquinsur.es\/","logo":{"@type":"ImageObject","inLanguage":"de","@id":"https:\/\/maquinsur.es\/#\/schema\/logo\/image\/","url":"https:\/\/maquinsur.es\/wp-content\/uploads\/2026\/03\/Maquinsur.es-Logo.png","contentUrl":"https:\/\/maquinsur.es\/wp-content\/uploads\/2026\/03\/Maquinsur.es-Logo.png","width":927,"height":190,"caption":"Mquinsur.es"},"image":{"@id":"https:\/\/maquinsur.es\/#\/schema\/logo\/image\/"}}]}},"_hostinger_reach_plugin_has_subscription_block":false,"_hostinger_reach_plugin_is_elementor":false,"_links":{"self":[{"href":"https:\/\/maquinsur.es\/de\/wp-json\/wp\/v2\/pages\/567","targetHints":{"allow":["GET"]}}],"collection":[{"href":"https:\/\/maquinsur.es\/de\/wp-json\/wp\/v2\/pages"}],"about":[{"href":"https:\/\/maquinsur.es\/de\/wp-json\/wp\/v2\/types\/page"}],"author":[{"embeddable":true,"href":"https:\/\/maquinsur.es\/de\/wp-json\/wp\/v2\/users\/1"}],"replies":[{"embeddable":true,"href":"https:\/\/maquinsur.es\/de\/wp-json\/wp\/v2\/comments?post=567"}],"version-history":[{"count":4,"href":"https:\/\/maquinsur.es\/de\/wp-json\/wp\/v2\/pages\/567\/revisions"}],"predecessor-version":[{"id":571,"href":"https:\/\/maquinsur.es\/de\/wp-json\/wp\/v2\/pages\/567\/revisions\/571"}],"wp:attachment":[{"href":"https:\/\/maquinsur.es\/de\/wp-json\/wp\/v2\/media?parent=567"}],"curies":[{"name":"wp","href":"https:\/\/api.w.org\/{rel}","templated":true}]}}