{"id":321,"date":"2026-03-11T20:28:37","date_gmt":"2026-03-11T20:28:37","guid":{"rendered":"https:\/\/maquinsur.es\/?page_id=321"},"modified":"2026-03-12T14:20:01","modified_gmt":"2026-03-12T14:20:01","slug":"politicas-de-privacidad","status":"publish","type":"page","link":"https:\/\/maquinsur.es\/de\/politicas-de-privacidad\/","title":{"rendered":"Datenschutzrichtlinien"},"content":{"rendered":"<div data-elementor-type=\"wp-page\" data-elementor-id=\"321\" class=\"elementor elementor-321\" data-elementor-post-type=\"page\">\n\t\t\t\t\t\t<section class=\"elementor-section elementor-top-section elementor-element elementor-element-54aa8a0e elementor-section-boxed elementor-section-height-default elementor-section-height-default wpr-particle-no wpr-jarallax-no wpr-parallax-no wpr-sticky-section-no wpr-equal-height-no\" data-id=\"54aa8a0e\" data-element_type=\"section\" data-e-type=\"section\" data-settings=\"{&quot;background_background&quot;:&quot;classic&quot;}\">\n\t\t\t\t\t\t\t<div class=\"elementor-background-overlay\"><\/div>\n\t\t\t\t\t\t\t<div class=\"elementor-container elementor-column-gap-default\">\n\t\t\t\t\t<div class=\"elementor-column elementor-col-100 elementor-top-column elementor-element elementor-element-523037be\" data-id=\"523037be\" data-element_type=\"column\" data-e-type=\"column\">\n\t\t\t<div class=\"elementor-widget-wrap elementor-element-populated\">\n\t\t\t\t\t\t<div class=\"elementor-element elementor-element-7ac02737 elementor-invisible elementor-widget elementor-widget-heading\" data-id=\"7ac02737\" data-element_type=\"widget\" data-e-type=\"widget\" data-settings=\"{&quot;_animation&quot;:&quot;fadeInDown&quot;}\" data-widget_type=\"heading.default\">\n\t\t\t\t\t<h2 class=\"elementor-heading-title elementor-size-default\">Datenschutzrichtlinien<\/h2>\t\t\t\t<\/div>\n\t\t\t\t<div class=\"elementor-element elementor-element-572a89e2 elementor-icon-list--layout-inline elementor-align-center elementor-widget__width-auto elementor-list-item-link-full_width elementor-invisible elementor-widget elementor-widget-icon-list\" data-id=\"572a89e2\" data-element_type=\"widget\" data-e-type=\"widget\" data-settings=\"{&quot;_animation&quot;:&quot;fadeInDown&quot;,&quot;_animation_delay&quot;:720}\" data-widget_type=\"icon-list.default\">\n\t\t\t\t\t\t\t<ul class=\"elementor-icon-list-items elementor-inline-items\">\n\t\t\t\t\t\t\t<li class=\"elementor-icon-list-item elementor-inline-item\">\n\t\t\t\t\t\t\t\t\t\t\t<a href=\"https:\/\/maquinsur.es\/de\/\">\n\n\t\t\t\t\t\t\t\t\t\t\t<span class=\"elementor-icon-list-text\">Start<\/span>\n\t\t\t\t\t\t\t\t\t\t\t<\/a>\n\t\t\t\t\t\t\t\t\t<\/li>\n\t\t\t\t\t\t\t\t<li class=\"elementor-icon-list-item elementor-inline-item\">\n\t\t\t\t\t\t\t\t\t\t\t<a href=\"#\">\n\n\t\t\t\t\t\t\t\t\t\t\t\t<span class=\"elementor-icon-list-icon\">\n\t\t\t\t\t\t\t<i aria-hidden=\"true\" class=\"mdi mdi-chevron-double-right\"><\/i>\t\t\t\t\t\t<\/span>\n\t\t\t\t\t\t\t\t\t\t<span class=\"elementor-icon-list-text\"><\/span>\n\t\t\t\t\t\t\t\t\t\t\t<\/a>\n\t\t\t\t\t\t\t\t\t<\/li>\n\t\t\t\t\t\t<\/ul>\n\t\t\t\t\t\t<\/div>\n\t\t\t\t\t<\/div>\n\t\t<\/div>\n\t\t\t\t\t<\/div>\n\t\t<\/section>\n\t\t<div class=\"elementor-element elementor-element-95e4420 e-flex e-con-boxed wpr-particle-no wpr-jarallax-no wpr-parallax-no wpr-sticky-section-no wpr-equal-height-no e-con e-parent\" data-id=\"95e4420\" data-element_type=\"container\" data-e-type=\"container\" data-settings=\"{&quot;background_background&quot;:&quot;classic&quot;}\">\n\t\t\t\t\t<div class=\"e-con-inner\">\n\t\t\t\t<div class=\"elementor-element elementor-element-5ba81a3 elementor-widget elementor-widget-text-editor\" data-id=\"5ba81a3\" data-element_type=\"widget\" data-e-type=\"widget\" data-widget_type=\"text-editor.default\">\n\t\t\t\t\t\t\t\t\t<p data-start=\"337\" data-end=\"576\">Wir bei MaquinSur legen gro\u00dfen Wert auf den Schutz der Privatsph\u00e4re unserer Website-Besucher. Diese Datenschutzerkl\u00e4rung erl\u00e4utert, wie wir die personenbezogenen Daten, die Sie uns \u00fcber unsere Website \u00fcbermitteln, erfassen, verwenden und sch\u00fctzen.<\/p><h2 data-section-id=\"kt5j8d\" data-start=\"578\" data-end=\"611\">1. Datenverantwortlicher<\/h2><p data-start=\"613\" data-end=\"832\">Verantwortlich: MaquinSur<br data-start=\"635\" data-end=\"638\" \/>T\u00e4tigkeit: Vermietung von mobilen Toiletten und Maschinen f\u00fcr Veranstaltungen und Bauprojekte<br data-start=\"716\" data-end=\"719\" \/>E-Mail: <a class=\"decorated-link cursor-pointer\" rel=\"noopener\" data-start=\"739\" data-end=\"768\">maquinsur.comercial@gmail.com<\/a><br data-start=\"768\" data-end=\"771\" \/>Telefon: +34 653 024 147<br data-start=\"796\" data-end=\"799\" \/>Ort: Kanarische Inseln, Spanien<\/p><h2 data-section-id=\"1pblt8r\" data-start=\"834\" data-end=\"861\">2. Daten, die wir erfassen<\/h2><p data-start=\"863\" data-end=\"920\">Wir erfassen m\u00f6glicherweise personenbezogene Daten, wenn der Nutzer:<\/p><ul data-start=\"922\" data-end=\"1088\"><li data-section-id=\"1fex994\" data-start=\"922\" data-end=\"958\"><p data-start=\"924\" data-end=\"958\">F\u00fcllen Sie das Kontaktformular aus<\/p><\/li><li data-section-id=\"1i1cw7x\" data-start=\"959\" data-end=\"995\"><p data-start=\"961\" data-end=\"995\">Angebotsanfrage senden<\/p><\/li><li data-section-id=\"pbuqsw\" data-start=\"996\" data-end=\"1045\"><p data-start=\"998\" data-end=\"1045\">Er kontaktiert uns per E-Mail.<\/p><\/li><li data-section-id=\"qolb3d\" data-start=\"1046\" data-end=\"1088\"><p data-start=\"1048\" data-end=\"1088\">Kontaktieren Sie uns per WhatsApp oder Telefon.<\/p><\/li><\/ul><p data-start=\"1090\" data-end=\"1131\">Zu den Daten, die wir m\u00f6glicherweise anfordern, geh\u00f6ren:<\/p><ul data-start=\"1133\" data-end=\"1296\"><li data-section-id=\"1t1gskx\" data-start=\"1133\" data-end=\"1141\"><p data-start=\"1135\" data-end=\"1141\">Name<\/p><\/li><li data-section-id=\"6lymtw\" data-start=\"1142\" data-end=\"1162\"><p data-start=\"1144\" data-end=\"1162\">Telefonnummer<\/p><\/li><li data-section-id=\"104amxc\" data-start=\"1163\" data-end=\"1196\"><p data-start=\"1165\" data-end=\"1196\">E-Mail-Adresse<\/p><\/li><li data-section-id=\"1w3lfdr\" data-start=\"1197\" data-end=\"1228\"><p data-start=\"1199\" data-end=\"1228\">Insel- oder Projektstandort<\/p><\/li><li data-section-id=\"pqad6k\" data-start=\"1229\" data-end=\"1296\"><p data-start=\"1231\" data-end=\"1296\">Informationen zum angeforderten Ereignis, Werk oder Dienst<\/p><\/li><\/ul><h2 data-section-id=\"5iorv\" data-start=\"1298\" data-end=\"1342\">3. Zweck der Datenverarbeitung<\/h2><p data-start=\"1344\" data-end=\"1381\">Wir verwenden personenbezogene Daten f\u00fcr folgende Zwecke:<\/p><ul data-start=\"1383\" data-end=\"1599\"><li data-section-id=\"1fooaax\" data-start=\"1383\" data-end=\"1433\"><p data-start=\"1385\" data-end=\"1433\">Beantwortung von Anfragen oder Informationsersuchen<\/p><\/li><li data-section-id=\"29hn32\" data-start=\"1434\" data-end=\"1472\"><p data-start=\"1436\" data-end=\"1472\">Budgetantr\u00e4ge verwalten<\/p><\/li><li data-section-id=\"1cs6jb8\" data-start=\"1473\" data-end=\"1531\"><p data-start=\"1475\" data-end=\"1531\">Kontaktieren Sie den Nutzer, um unsere Dienstleistungen anzubieten.<\/p><\/li><li data-section-id=\"1yodwgo\" data-start=\"1532\" data-end=\"1599\"><p data-start=\"1534\" data-end=\"1599\">Verbesserung des Kundenservice und der Qualit\u00e4t unserer Dienstleistungen<\/p><\/li><\/ul><p data-start=\"1601\" data-end=\"1690\">Wir verwenden keine personenbezogenen Daten, um unaufgefordert kommerzielle Mitteilungen zu versenden.<\/p><h2 data-section-id=\"1tst2e6\" data-start=\"1692\" data-end=\"1710\">4. Legitimation<\/h2><p data-start=\"1712\" data-end=\"1865\">Rechtsgrundlage f\u00fcr die Verarbeitung der Daten ist die Einwilligung des Nutzers beim Ausf\u00fcllen von Formularen oder bei der freiwilligen Kontaktaufnahme mit unserem Unternehmen.<\/p><h2 data-section-id=\"1cn3f7o\" data-start=\"1867\" data-end=\"1898\">5. Datenaufbewahrung<\/h2><p data-start=\"1900\" data-end=\"2071\">Personenbezogene Daten werden nur so lange gespeichert, wie es zur Beantwortung von Nutzeranfragen oder zur Erf\u00fcllung geltender rechtlicher Verpflichtungen erforderlich ist.<\/p><h2 data-section-id=\"1aq2oey\" data-start=\"2073\" data-end=\"2105\">6. \u00dcbermittlung von Daten an Dritte<\/h2><p data-start=\"2107\" data-end=\"2263\">MaquinSur verkauft oder teilt personenbezogene Daten nicht mit Dritten, au\u00dfer wenn dies zur Erf\u00fcllung gesetzlicher Verpflichtungen oder zur Erbringung der angeforderten Dienstleistung erforderlich ist.<\/p><h2 data-section-id=\"1mo6thy\" data-start=\"2265\" data-end=\"2291\">7. Nutzerrechte<\/h2><p data-start=\"2293\" data-end=\"2320\">Der Nutzer hat das Recht auf:<\/p><ul data-start=\"2322\" data-end=\"2525\"><li data-section-id=\"ezmmzs\" data-start=\"2322\" data-end=\"2354\"><p data-start=\"2324\" data-end=\"2354\">Greifen Sie auf Ihre pers\u00f6nlichen Daten zu<\/p><\/li><li data-section-id=\"r5f0nf\" data-start=\"2355\" data-end=\"2404\"><p data-start=\"2357\" data-end=\"2404\">Bitten Sie um Berichtigung fehlerhafter Daten.<\/p><\/li><li data-section-id=\"9e28es\" data-start=\"2405\" data-end=\"2444\"><p data-start=\"2407\" data-end=\"2444\">Fordern Sie die L\u00f6schung Ihrer Daten an<\/p><\/li><li data-section-id=\"g8qan9\" data-start=\"2445\" data-end=\"2483\"><p data-start=\"2447\" data-end=\"2483\">Widerspruch gegen die Verarbeitung Ihrer Daten<\/p><\/li><li data-section-id=\"i93i55\" data-start=\"2484\" data-end=\"2525\"><p data-start=\"2486\" data-end=\"2525\">Beantragen Sie die Einschr\u00e4nkung der Behandlung<\/p><\/li><\/ul><p data-start=\"2527\" data-end=\"2604\">Um diese Rechte auszu\u00fcben, k\u00f6nnen Sie eine Anfrage an die folgende E-Mail-Adresse senden:<\/p><p data-start=\"2606\" data-end=\"2635\"><a class=\"decorated-link cursor-pointer\" rel=\"noopener\" data-start=\"2606\" data-end=\"2635\">maquinsur.comercial@gmail.com<\/a><\/p><h2 data-section-id=\"hr94h\" data-start=\"2637\" data-end=\"2665\">8. Datensicherheit<\/h2><p data-start=\"2667\" data-end=\"2817\">Wir ergreifen die notwendigen technischen und organisatorischen Ma\u00dfnahmen, um personenbezogene Daten zu sch\u00fctzen und deren Verlust, Missbrauch oder unbefugten Zugriff zu verhindern.<\/p><h2 data-section-id=\"1vqpk05\" data-start=\"2819\" data-end=\"2832\">9. Cookies<\/h2><p data-start=\"2834\" data-end=\"2991\">Diese Website verwendet m\u00f6glicherweise Cookies, um das Nutzererlebnis zu verbessern. Weitere Informationen finden Sie in unserer Cookie-Richtlinie.<\/p><h2 data-section-id=\"mzd8ha\" data-start=\"2993\" data-end=\"3043\">10. \u00c4nderungen der Datenschutzrichtlinie<\/h2><p data-start=\"3045\" data-end=\"3233\">MaquinSur beh\u00e4lt sich das Recht vor, diese Datenschutzrichtlinie anzupassen, um Gesetzes\u00e4nderungen oder Website-Verbesserungen Rechnung zu tragen. Wir empfehlen, diese Seite regelm\u00e4\u00dfig zu besuchen.<\/p>\t\t\t\t\t\t\t\t<\/div>\n\t\t\t\t\t<\/div>\n\t\t\t\t<\/div>\n\t\t\t\t<\/div>","protected":false},"excerpt":{"rendered":"<p>Pol\u00edticas De Privacidad Inicio En MaquinSur nos comprometemos a proteger la privacidad de los usuarios que visitan nuestro sitio web. En esta pol\u00edtica explicamos c\u00f3mo recopilamos, utilizamos y protegemos los datos personales que nos proporcionas a trav\u00e9s de nuestra web. 1. Responsable del tratamiento Responsable: MaquinSurActividad: Alquiler de sanitarios port\u00e1tiles y maquinaria para eventos y obrasCorreo electr\u00f3nico: maquinsur.comercial@gmail.comTel\u00e9fono: +34 653 024 147Ubicaci\u00f3n: Islas Canarias, Espa\u00f1a 2. Datos que recopilamos Podemos recopilar informaci\u00f3n personal cuando el usuario: Completa el formulario de contacto Env\u00eda una solicitud de presupuesto Se comunica con nosotros por correo electr\u00f3nico Contacta a trav\u00e9s de WhatsApp o tel\u00e9fono Los datos que podemos solicitar incluyen: Nombre N\u00famero de tel\u00e9fono Direcci\u00f3n de correo electr\u00f3nico Isla o ubicaci\u00f3n del proyecto Informaci\u00f3n relacionada con el evento, obra o servicio solicitado 3. Finalidad del tratamiento de los datos Utilizamos los datos personales para: Responder consultas o solicitudes de informaci\u00f3n Gestionar solicitudes de presupuesto Contactar con el usuario para ofrecer nuestros servicios Mejorar la atenci\u00f3n al cliente y la calidad de nuestros servicios No utilizamos los datos personales para enviar comunicaciones comerciales no solicitadas. 4. Legitimaci\u00f3n La base legal para el tratamiento de los datos es el consentimiento del usuario al completar formularios o contactar voluntariamente con nuestra empresa. 5. Conservaci\u00f3n de los datos Los datos personales se conservar\u00e1n \u00fanicamente durante el tiempo necesario para responder a las solicitudes del usuario o para cumplir con obligaciones legales aplicables. 6. Cesi\u00f3n de datos a terceros MaquinSur no vende ni comparte datos personales con terceros, salvo cuando sea necesario para cumplir obligaciones legales o prestar el servicio solicitado. 7. Derechos del usuario El usuario tiene derecho a: Acceder a sus datos personales Solicitar la rectificaci\u00f3n de datos incorrectos Solicitar la eliminaci\u00f3n de sus datos Oponerse al tratamiento de sus datos Solicitar la limitaci\u00f3n del tratamiento Para ejercer estos derechos puede enviar una solicitud al correo electr\u00f3nico: maquinsur.comercial@gmail.com 8. Seguridad de los datos Adoptamos las medidas t\u00e9cnicas y organizativas necesarias para proteger los datos personales y evitar su p\u00e9rdida, uso indebido o acceso no autorizado. 9. Cookies Este sitio web puede utilizar cookies para mejorar la experiencia de navegaci\u00f3n del usuario. Puedes consultar m\u00e1s informaci\u00f3n en nuestra Pol\u00edtica de Cookies. 10. Modificaciones de la pol\u00edtica de privacidad MaquinSur se reserva el derecho de modificar esta Pol\u00edtica de Privacidad para adaptarla a cambios legislativos o a mejoras en el sitio web. Recomendamos revisar esta p\u00e1gina peri\u00f3dicamente.<\/p>","protected":false},"author":1,"featured_media":0,"parent":0,"menu_order":0,"comment_status":"closed","ping_status":"closed","template":"elementor_header_footer","meta":{"_joinchat":[],"footnotes":""},"class_list":["post-321","page","type-page","status-publish","hentry"],"yoast_head":"<!-- This site is optimized with the Yoast SEO Premium plugin v27.1 (Yoast SEO v27.4) - https:\/\/yoast.com\/product\/yoast-seo-premium-wordpress\/ -->\n<title>Pol\u00edticas de Privacidad - Mquinsur.es<\/title>\n<meta name=\"robots\" content=\"index, follow, max-snippet:-1, max-image-preview:large, max-video-preview:-1\" \/>\n<link rel=\"canonical\" href=\"https:\/\/maquinsur.es\/de\/politicas-de-privacidad\/\" \/>\n<meta property=\"og:locale\" content=\"de_DE\" \/>\n<meta property=\"og:type\" content=\"article\" \/>\n<meta property=\"og:title\" content=\"Pol\u00edticas de Privacidad\" \/>\n<meta property=\"og:description\" content=\"Pol\u00edticas De Privacidad Inicio En MaquinSur nos comprometemos a proteger la privacidad de los usuarios que visitan nuestro sitio web. En esta pol\u00edtica explicamos c\u00f3mo recopilamos, utilizamos y protegemos los datos personales que nos proporcionas a trav\u00e9s de nuestra web. 1. Responsable del tratamiento Responsable: MaquinSurActividad: Alquiler de sanitarios port\u00e1tiles y maquinaria para eventos y obrasCorreo electr\u00f3nico: maquinsur.comercial@gmail.comTel\u00e9fono: +34 653 024 147Ubicaci\u00f3n: Islas Canarias, Espa\u00f1a 2. Datos que recopilamos Podemos recopilar informaci\u00f3n personal cuando el usuario: Completa el formulario de contacto Env\u00eda una solicitud de presupuesto Se comunica con nosotros por correo electr\u00f3nico Contacta a trav\u00e9s de WhatsApp o tel\u00e9fono Los datos que podemos solicitar incluyen: Nombre N\u00famero de tel\u00e9fono Direcci\u00f3n de correo electr\u00f3nico Isla o ubicaci\u00f3n del proyecto Informaci\u00f3n relacionada con el evento, obra o servicio solicitado 3. Finalidad del tratamiento de los datos Utilizamos los datos personales para: Responder consultas o solicitudes de informaci\u00f3n Gestionar solicitudes de presupuesto Contactar con el usuario para ofrecer nuestros servicios Mejorar la atenci\u00f3n al cliente y la calidad de nuestros servicios No utilizamos los datos personales para enviar comunicaciones comerciales no solicitadas. 4. Legitimaci\u00f3n La base legal para el tratamiento de los datos es el consentimiento del usuario al completar formularios o contactar voluntariamente con nuestra empresa. 5. Conservaci\u00f3n de los datos Los datos personales se conservar\u00e1n \u00fanicamente durante el tiempo necesario para responder a las solicitudes del usuario o para cumplir con obligaciones legales aplicables. 6. Cesi\u00f3n de datos a terceros MaquinSur no vende ni comparte datos personales con terceros, salvo cuando sea necesario para cumplir obligaciones legales o prestar el servicio solicitado. 7. Derechos del usuario El usuario tiene derecho a: Acceder a sus datos personales Solicitar la rectificaci\u00f3n de datos incorrectos Solicitar la eliminaci\u00f3n de sus datos Oponerse al tratamiento de sus datos Solicitar la limitaci\u00f3n del tratamiento Para ejercer estos derechos puede enviar una solicitud al correo electr\u00f3nico: maquinsur.comercial@gmail.com 8. Seguridad de los datos Adoptamos las medidas t\u00e9cnicas y organizativas necesarias para proteger los datos personales y evitar su p\u00e9rdida, uso indebido o acceso no autorizado. 9. Cookies Este sitio web puede utilizar cookies para mejorar la experiencia de navegaci\u00f3n del usuario. Puedes consultar m\u00e1s informaci\u00f3n en nuestra Pol\u00edtica de Cookies. 10. Modificaciones de la pol\u00edtica de privacidad MaquinSur se reserva el derecho de modificar esta Pol\u00edtica de Privacidad para adaptarla a cambios legislativos o a mejoras en el sitio web. Recomendamos revisar esta p\u00e1gina peri\u00f3dicamente.\" \/>\n<meta property=\"og:url\" content=\"https:\/\/maquinsur.es\/de\/politicas-de-privacidad\/\" \/>\n<meta property=\"og:site_name\" content=\"Mquinsur.es\" \/>\n<meta property=\"article:modified_time\" content=\"2026-03-12T14:20:01+00:00\" \/>\n<meta property=\"og:image\" content=\"https:\/\/maquinsur.es\/wp-content\/uploads\/2026\/03\/Miniatura.png\" \/>\n\t<meta property=\"og:image:width\" content=\"1200\" \/>\n\t<meta property=\"og:image:height\" content=\"675\" \/>\n\t<meta property=\"og:image:type\" content=\"image\/png\" \/>\n<meta name=\"twitter:card\" content=\"summary_large_image\" \/>\n<meta name=\"twitter:label1\" content=\"Gesch\u00e4tzte Lesezeit\" \/>\n\t<meta name=\"twitter:data1\" content=\"2\u00a0Minuten\" \/>\n<script type=\"application\/ld+json\" class=\"yoast-schema-graph\">{\"@context\":\"https:\\\/\\\/schema.org\",\"@graph\":[{\"@type\":\"WebPage\",\"@id\":\"https:\\\/\\\/maquinsur.es\\\/politicas-de-privacidad\\\/\",\"url\":\"https:\\\/\\\/maquinsur.es\\\/politicas-de-privacidad\\\/\",\"name\":\"Pol\u00edticas de Privacidad - Mquinsur.es\",\"isPartOf\":{\"@id\":\"https:\\\/\\\/maquinsur.es\\\/#website\"},\"datePublished\":\"2026-03-11T20:28:37+00:00\",\"dateModified\":\"2026-03-12T14:20:01+00:00\",\"breadcrumb\":{\"@id\":\"https:\\\/\\\/maquinsur.es\\\/politicas-de-privacidad\\\/#breadcrumb\"},\"inLanguage\":\"de\",\"potentialAction\":[{\"@type\":\"ReadAction\",\"target\":[\"https:\\\/\\\/maquinsur.es\\\/politicas-de-privacidad\\\/\"]}]},{\"@type\":\"BreadcrumbList\",\"@id\":\"https:\\\/\\\/maquinsur.es\\\/politicas-de-privacidad\\\/#breadcrumb\",\"itemListElement\":[{\"@type\":\"ListItem\",\"position\":1,\"name\":\"Home\",\"item\":\"https:\\\/\\\/maquinsur.es\\\/\"},{\"@type\":\"ListItem\",\"position\":2,\"name\":\"Pol\u00edticas de Privacidad\"}]},{\"@type\":\"WebSite\",\"@id\":\"https:\\\/\\\/maquinsur.es\\\/#website\",\"url\":\"https:\\\/\\\/maquinsur.es\\\/\",\"name\":\"Mquinsur.es\",\"description\":\"\",\"publisher\":{\"@id\":\"https:\\\/\\\/maquinsur.es\\\/#organization\"},\"potentialAction\":[{\"@type\":\"SearchAction\",\"target\":{\"@type\":\"EntryPoint\",\"urlTemplate\":\"https:\\\/\\\/maquinsur.es\\\/?s={search_term_string}\"},\"query-input\":{\"@type\":\"PropertyValueSpecification\",\"valueRequired\":true,\"valueName\":\"search_term_string\"}}],\"inLanguage\":\"de\"},{\"@type\":\"Organization\",\"@id\":\"https:\\\/\\\/maquinsur.es\\\/#organization\",\"name\":\"Mquinsur.es\",\"url\":\"https:\\\/\\\/maquinsur.es\\\/\",\"logo\":{\"@type\":\"ImageObject\",\"inLanguage\":\"de\",\"@id\":\"https:\\\/\\\/maquinsur.es\\\/#\\\/schema\\\/logo\\\/image\\\/\",\"url\":\"https:\\\/\\\/maquinsur.es\\\/wp-content\\\/uploads\\\/2026\\\/03\\\/Maquinsur.es-Logo.png\",\"contentUrl\":\"https:\\\/\\\/maquinsur.es\\\/wp-content\\\/uploads\\\/2026\\\/03\\\/Maquinsur.es-Logo.png\",\"width\":927,\"height\":190,\"caption\":\"Mquinsur.es\"},\"image\":{\"@id\":\"https:\\\/\\\/maquinsur.es\\\/#\\\/schema\\\/logo\\\/image\\\/\"}}]}<\/script>\n<!-- \/ Yoast SEO Premium plugin. -->","yoast_head_json":{"title":"Pol\u00edticas de Privacidad - Mquinsur.es","robots":{"index":"index","follow":"follow","max-snippet":"max-snippet:-1","max-image-preview":"max-image-preview:large","max-video-preview":"max-video-preview:-1"},"canonical":"https:\/\/maquinsur.es\/de\/politicas-de-privacidad\/","og_locale":"de_DE","og_type":"article","og_title":"Pol\u00edticas de Privacidad","og_description":"Pol\u00edticas De Privacidad Inicio En MaquinSur nos comprometemos a proteger la privacidad de los usuarios que visitan nuestro sitio web. En esta pol\u00edtica explicamos c\u00f3mo recopilamos, utilizamos y protegemos los datos personales que nos proporcionas a trav\u00e9s de nuestra web. 1. Responsable del tratamiento Responsable: MaquinSurActividad: Alquiler de sanitarios port\u00e1tiles y maquinaria para eventos y obrasCorreo electr\u00f3nico: maquinsur.comercial@gmail.comTel\u00e9fono: +34 653 024 147Ubicaci\u00f3n: Islas Canarias, Espa\u00f1a 2. Datos que recopilamos Podemos recopilar informaci\u00f3n personal cuando el usuario: Completa el formulario de contacto Env\u00eda una solicitud de presupuesto Se comunica con nosotros por correo electr\u00f3nico Contacta a trav\u00e9s de WhatsApp o tel\u00e9fono Los datos que podemos solicitar incluyen: Nombre N\u00famero de tel\u00e9fono Direcci\u00f3n de correo electr\u00f3nico Isla o ubicaci\u00f3n del proyecto Informaci\u00f3n relacionada con el evento, obra o servicio solicitado 3. Finalidad del tratamiento de los datos Utilizamos los datos personales para: Responder consultas o solicitudes de informaci\u00f3n Gestionar solicitudes de presupuesto Contactar con el usuario para ofrecer nuestros servicios Mejorar la atenci\u00f3n al cliente y la calidad de nuestros servicios No utilizamos los datos personales para enviar comunicaciones comerciales no solicitadas. 4. Legitimaci\u00f3n La base legal para el tratamiento de los datos es el consentimiento del usuario al completar formularios o contactar voluntariamente con nuestra empresa. 5. Conservaci\u00f3n de los datos Los datos personales se conservar\u00e1n \u00fanicamente durante el tiempo necesario para responder a las solicitudes del usuario o para cumplir con obligaciones legales aplicables. 6. Cesi\u00f3n de datos a terceros MaquinSur no vende ni comparte datos personales con terceros, salvo cuando sea necesario para cumplir obligaciones legales o prestar el servicio solicitado. 7. Derechos del usuario El usuario tiene derecho a: Acceder a sus datos personales Solicitar la rectificaci\u00f3n de datos incorrectos Solicitar la eliminaci\u00f3n de sus datos Oponerse al tratamiento de sus datos Solicitar la limitaci\u00f3n del tratamiento Para ejercer estos derechos puede enviar una solicitud al correo electr\u00f3nico: maquinsur.comercial@gmail.com 8. Seguridad de los datos Adoptamos las medidas t\u00e9cnicas y organizativas necesarias para proteger los datos personales y evitar su p\u00e9rdida, uso indebido o acceso no autorizado. 9. Cookies Este sitio web puede utilizar cookies para mejorar la experiencia de navegaci\u00f3n del usuario. Puedes consultar m\u00e1s informaci\u00f3n en nuestra Pol\u00edtica de Cookies. 10. Modificaciones de la pol\u00edtica de privacidad MaquinSur se reserva el derecho de modificar esta Pol\u00edtica de Privacidad para adaptarla a cambios legislativos o a mejoras en el sitio web. Recomendamos revisar esta p\u00e1gina peri\u00f3dicamente.","og_url":"https:\/\/maquinsur.es\/de\/politicas-de-privacidad\/","og_site_name":"Mquinsur.es","article_modified_time":"2026-03-12T14:20:01+00:00","og_image":[{"width":1200,"height":675,"url":"https:\/\/maquinsur.es\/wp-content\/uploads\/2026\/03\/Miniatura.png","type":"image\/png"}],"twitter_card":"summary_large_image","twitter_misc":{"Gesch\u00e4tzte Lesezeit":"2\u00a0Minuten"},"schema":{"@context":"https:\/\/schema.org","@graph":[{"@type":"WebPage","@id":"https:\/\/maquinsur.es\/politicas-de-privacidad\/","url":"https:\/\/maquinsur.es\/politicas-de-privacidad\/","name":"Pol\u00edticas de Privacidad - Mquinsur.es","isPartOf":{"@id":"https:\/\/maquinsur.es\/#website"},"datePublished":"2026-03-11T20:28:37+00:00","dateModified":"2026-03-12T14:20:01+00:00","breadcrumb":{"@id":"https:\/\/maquinsur.es\/politicas-de-privacidad\/#breadcrumb"},"inLanguage":"de","potentialAction":[{"@type":"ReadAction","target":["https:\/\/maquinsur.es\/politicas-de-privacidad\/"]}]},{"@type":"BreadcrumbList","@id":"https:\/\/maquinsur.es\/politicas-de-privacidad\/#breadcrumb","itemListElement":[{"@type":"ListItem","position":1,"name":"Home","item":"https:\/\/maquinsur.es\/"},{"@type":"ListItem","position":2,"name":"Pol\u00edticas de Privacidad"}]},{"@type":"WebSite","@id":"https:\/\/maquinsur.es\/#website","url":"https:\/\/maquinsur.es\/","name":"Mquinsur.es","description":"","publisher":{"@id":"https:\/\/maquinsur.es\/#organization"},"potentialAction":[{"@type":"SearchAction","target":{"@type":"EntryPoint","urlTemplate":"https:\/\/maquinsur.es\/?s={search_term_string}"},"query-input":{"@type":"PropertyValueSpecification","valueRequired":true,"valueName":"search_term_string"}}],"inLanguage":"de"},{"@type":"Organization","@id":"https:\/\/maquinsur.es\/#organization","name":"Mquinsur.es","url":"https:\/\/maquinsur.es\/","logo":{"@type":"ImageObject","inLanguage":"de","@id":"https:\/\/maquinsur.es\/#\/schema\/logo\/image\/","url":"https:\/\/maquinsur.es\/wp-content\/uploads\/2026\/03\/Maquinsur.es-Logo.png","contentUrl":"https:\/\/maquinsur.es\/wp-content\/uploads\/2026\/03\/Maquinsur.es-Logo.png","width":927,"height":190,"caption":"Mquinsur.es"},"image":{"@id":"https:\/\/maquinsur.es\/#\/schema\/logo\/image\/"}}]}},"_hostinger_reach_plugin_has_subscription_block":false,"_hostinger_reach_plugin_is_elementor":false,"_links":{"self":[{"href":"https:\/\/maquinsur.es\/de\/wp-json\/wp\/v2\/pages\/321","targetHints":{"allow":["GET"]}}],"collection":[{"href":"https:\/\/maquinsur.es\/de\/wp-json\/wp\/v2\/pages"}],"about":[{"href":"https:\/\/maquinsur.es\/de\/wp-json\/wp\/v2\/types\/page"}],"author":[{"embeddable":true,"href":"https:\/\/maquinsur.es\/de\/wp-json\/wp\/v2\/users\/1"}],"replies":[{"embeddable":true,"href":"https:\/\/maquinsur.es\/de\/wp-json\/wp\/v2\/comments?post=321"}],"version-history":[{"count":25,"href":"https:\/\/maquinsur.es\/de\/wp-json\/wp\/v2\/pages\/321\/revisions"}],"predecessor-version":[{"id":566,"href":"https:\/\/maquinsur.es\/de\/wp-json\/wp\/v2\/pages\/321\/revisions\/566"}],"wp:attachment":[{"href":"https:\/\/maquinsur.es\/de\/wp-json\/wp\/v2\/media?parent=321"}],"curies":[{"name":"wp","href":"https:\/\/api.w.org\/{rel}","templated":true}]}}